{"id":4789,"date":"2024-02-06T12:46:52","date_gmt":"2024-02-06T12:46:52","guid":{"rendered":"https:\/\/genoneeleven.com\/?post_type=product&#038;p=4789"},"modified":"2024-02-09T10:48:34","modified_gmt":"2024-02-09T10:48:34","slug":"solid-green-hard-water","status":"publish","type":"product","link":"https:\/\/genoneeleven.com\/it\/product\/solid-green-hard-water\/","title":{"rendered":"Solid Green Hard Water"},"content":{"rendered":"<p>Solid Green Hard Water. Sviluppato per nutrire le piante con acqua dura.<\/p>","protected":false},"excerpt":{"rendered":"<p>Gen1:11 Solid Green hard water \u00e8 progettato per le aree in cui \u00e8 disponibile principalmente solo acqua dura. L'acqua dura \u00e8 ricca di minerali e ha un valore EC elevato. Questo aumento di EC pu\u00f2 innescare una reazione chimica con i minerali presenti nei nutrienti. Gli elementi non sono pi\u00f9 disponibili per la pianta e si verificano carenze. La pianta si affloscia visibilmente e pu\u00f2 morire.<\/p>","protected":false},"featured_media":4793,"template":"","meta":[],"product_brand":[],"product_cat":[85,94,83,84,81],"product_tag":[89,45,91,90],"class_list":{"0":"post-4789","1":"product","2":"type-product","3":"status-publish","4":"has-post-thumbnail","6":"product_cat-aanvullende-voedingsstoffen","7":"product_cat-alle-meststoffen","8":"product_cat-bladvoeding-sproeien-van-meststoffen","9":"product_cat-minerale-plantenvoeding","10":"product_cat-vloeibare-meststoffen","11":"product_tag-calcium","12":"product_tag-calmag","13":"product_tag-ijzer","14":"product_tag-magnesium","16":"first","17":"instock","18":"taxable","19":"shipping-taxable","20":"purchasable","21":"product-type-variable"},"yoast_head":"<!-- This site is optimized with the Yoast SEO plugin v24.3 - https:\/\/yoast.com\/wordpress\/plugins\/seo\/ -->\n<title>planten voeden met hard water<\/title>\n<meta name=\"description\" content=\"Wanneer je alleen over hard water beschikt gebruik dan Solid Green Hard Water om excessen en problemen te voorkomen. Gen1:11 Hard Water Solution\" \/>\n<meta name=\"robots\" content=\"index, follow, max-snippet:-1, max-image-preview:large, max-video-preview:-1\" \/>\n<link rel=\"canonical\" href=\"https:\/\/genoneeleven.com\/it\/product\/solid-green-hard-water\/\" \/>\n<meta property=\"og:locale\" content=\"it_IT\" \/>\n<meta property=\"og:type\" content=\"article\" \/>\n<meta property=\"og:title\" content=\"planten voeden met hard water\" \/>\n<meta property=\"og:description\" content=\"Wanneer je alleen over hard water beschikt gebruik dan Solid Green Hard Water om excessen en problemen te voorkomen. Gen1:11 Hard Water Solution\" \/>\n<meta property=\"og:url\" content=\"https:\/\/genoneeleven.com\/it\/product\/solid-green-hard-water\/\" \/>\n<meta property=\"og:site_name\" content=\"Genoneeleven\" \/>\n<meta property=\"article:publisher\" content=\"https:\/\/www.facebook.com\/Genoneeleven-109249901222510\/\" \/>\n<meta property=\"article:modified_time\" content=\"2024-02-09T10:48:34+00:00\" \/>\n<meta property=\"og:image\" content=\"https:\/\/genoneeleven.com\/wp-content\/uploads\/2024\/02\/Solid-Green-Hard-Water-1-Liter.png\" \/>\n\t<meta property=\"og:image:width\" content=\"300\" \/>\n\t<meta property=\"og:image:height\" content=\"600\" \/>\n\t<meta property=\"og:image:type\" content=\"image\/png\" \/>\n<meta name=\"twitter:card\" content=\"summary_large_image\" \/>\n<meta name=\"twitter:site\" content=\"@Genoneeleven_nl\" \/>\n<meta name=\"twitter:label1\" content=\"Tempo di lettura stimato\" \/>\n\t<meta name=\"twitter:data1\" content=\"1 minuto\" \/>\n<script type=\"application\/ld+json\" class=\"yoast-schema-graph\">{\"@context\":\"https:\/\/schema.org\",\"@graph\":[{\"@type\":\"WebPage\",\"@id\":\"https:\/\/genoneeleven.com\/product\/solid-green-hard-water\/\",\"url\":\"https:\/\/genoneeleven.com\/product\/solid-green-hard-water\/\",\"name\":\"planten voeden met hard water\",\"isPartOf\":{\"@id\":\"https:\/\/genoneeleven.com\/#website\"},\"primaryImageOfPage\":{\"@id\":\"https:\/\/genoneeleven.com\/product\/solid-green-hard-water\/#primaryimage\"},\"image\":{\"@id\":\"https:\/\/genoneeleven.com\/product\/solid-green-hard-water\/#primaryimage\"},\"thumbnailUrl\":\"https:\/\/genoneeleven.com\/wp-content\/uploads\/2024\/02\/Solid-Green-Hard-Water-1-Liter.png\",\"datePublished\":\"2024-02-06T12:46:52+00:00\",\"dateModified\":\"2024-02-09T10:48:34+00:00\",\"description\":\"Wanneer je alleen over hard water beschikt gebruik dan Solid Green Hard Water om excessen en problemen te voorkomen. Gen1:11 Hard Water Solution\",\"breadcrumb\":{\"@id\":\"https:\/\/genoneeleven.com\/product\/solid-green-hard-water\/#breadcrumb\"},\"inLanguage\":\"it-IT\",\"potentialAction\":[{\"@type\":\"ReadAction\",\"target\":[\"https:\/\/genoneeleven.com\/product\/solid-green-hard-water\/\"]}]},{\"@type\":\"ImageObject\",\"inLanguage\":\"it-IT\",\"@id\":\"https:\/\/genoneeleven.com\/product\/solid-green-hard-water\/#primaryimage\",\"url\":\"https:\/\/genoneeleven.com\/wp-content\/uploads\/2024\/02\/Solid-Green-Hard-Water-1-Liter.png\",\"contentUrl\":\"https:\/\/genoneeleven.com\/wp-content\/uploads\/2024\/02\/Solid-Green-Hard-Water-1-Liter.png\",\"width\":300,\"height\":600,\"caption\":\"Gen1:11 Solid Green Hard Water met een lage comcentratie Calcium\"},{\"@type\":\"BreadcrumbList\",\"@id\":\"https:\/\/genoneeleven.com\/product\/solid-green-hard-water\/#breadcrumb\",\"itemListElement\":[{\"@type\":\"ListItem\",\"position\":1,\"name\":\"Home\",\"item\":\"https:\/\/genoneeleven.com\/\"},{\"@type\":\"ListItem\",\"position\":2,\"name\":\"Winkel\",\"item\":\"http:\/\/genoneeleven.com\/es\/bestel-plantenvoeding-planten-kweken-met-de-beste-voeding\/\"},{\"@type\":\"ListItem\",\"position\":3,\"name\":\"Solid Green Hard Water\"}]},{\"@type\":\"WebSite\",\"@id\":\"https:\/\/genoneeleven.com\/#website\",\"url\":\"https:\/\/genoneeleven.com\/\",\"name\":\"Gen1:11 Nutrients\",\"description\":\"See that it is good\",\"publisher\":{\"@id\":\"https:\/\/genoneeleven.com\/#organization\"},\"potentialAction\":[{\"@type\":\"SearchAction\",\"target\":{\"@type\":\"EntryPoint\",\"urlTemplate\":\"https:\/\/genoneeleven.com\/?s={search_term_string}\"},\"query-input\":{\"@type\":\"PropertyValueSpecification\",\"valueRequired\":true,\"valueName\":\"search_term_string\"}}],\"inLanguage\":\"it-IT\"},{\"@type\":\"Organization\",\"@id\":\"https:\/\/genoneeleven.com\/#organization\",\"name\":\"Gen1:11\",\"url\":\"https:\/\/genoneeleven.com\/\",\"logo\":{\"@type\":\"ImageObject\",\"inLanguage\":\"it-IT\",\"@id\":\"https:\/\/genoneeleven.com\/#\/schema\/logo\/image\/\",\"url\":\"https:\/\/genoneeleven.com\/wp-content\/uploads\/2021\/04\/Homepage-slider-Logo.png\",\"contentUrl\":\"https:\/\/genoneeleven.com\/wp-content\/uploads\/2021\/04\/Homepage-slider-Logo.png\",\"width\":844,\"height\":296,\"caption\":\"Gen1:11\"},\"image\":{\"@id\":\"https:\/\/genoneeleven.com\/#\/schema\/logo\/image\/\"},\"sameAs\":[\"https:\/\/www.facebook.com\/Genoneeleven-109249901222510\/\",\"https:\/\/x.com\/Genoneeleven_nl\",\"https:\/\/www.instagram.com\/genoneeleven_nutrients\/\",\"https:\/\/www.linkedin.com\/in\/marco-holsheimer-40a3a629\/\",\"https:\/\/www.youtube.com\/channel\/UCjCuqj65Q8PkNby433RU_dQ\"]}]}<\/script>\n<!-- \/ Yoast SEO plugin. -->","yoast_head_json":{"title":"planten voeden met hard water","description":"Wanneer je alleen over hard water beschikt gebruik dan Solid Green Hard Water om excessen en problemen te voorkomen. Gen1:11 Hard Water Solution","robots":{"index":"index","follow":"follow","max-snippet":"max-snippet:-1","max-image-preview":"max-image-preview:large","max-video-preview":"max-video-preview:-1"},"canonical":"https:\/\/genoneeleven.com\/it\/product\/solid-green-hard-water\/","og_locale":"it_IT","og_type":"article","og_title":"planten voeden met hard water","og_description":"Wanneer je alleen over hard water beschikt gebruik dan Solid Green Hard Water om excessen en problemen te voorkomen. Gen1:11 Hard Water Solution","og_url":"https:\/\/genoneeleven.com\/it\/product\/solid-green-hard-water\/","og_site_name":"Genoneeleven","article_publisher":"https:\/\/www.facebook.com\/Genoneeleven-109249901222510\/","article_modified_time":"2024-02-09T10:48:34+00:00","og_image":[{"width":300,"height":600,"url":"https:\/\/genoneeleven.com\/wp-content\/uploads\/2024\/02\/Solid-Green-Hard-Water-1-Liter.png","type":"image\/png"}],"twitter_card":"summary_large_image","twitter_site":"@Genoneeleven_nl","twitter_misc":{"Tempo di lettura stimato":"1 minuto"},"schema":{"@context":"https:\/\/schema.org","@graph":[{"@type":"WebPage","@id":"https:\/\/genoneeleven.com\/product\/solid-green-hard-water\/","url":"https:\/\/genoneeleven.com\/product\/solid-green-hard-water\/","name":"planten voeden met hard water","isPartOf":{"@id":"https:\/\/genoneeleven.com\/#website"},"primaryImageOfPage":{"@id":"https:\/\/genoneeleven.com\/product\/solid-green-hard-water\/#primaryimage"},"image":{"@id":"https:\/\/genoneeleven.com\/product\/solid-green-hard-water\/#primaryimage"},"thumbnailUrl":"https:\/\/genoneeleven.com\/wp-content\/uploads\/2024\/02\/Solid-Green-Hard-Water-1-Liter.png","datePublished":"2024-02-06T12:46:52+00:00","dateModified":"2024-02-09T10:48:34+00:00","description":"Wanneer je alleen over hard water beschikt gebruik dan Solid Green Hard Water om excessen en problemen te voorkomen. Gen1:11 Hard Water Solution","breadcrumb":{"@id":"https:\/\/genoneeleven.com\/product\/solid-green-hard-water\/#breadcrumb"},"inLanguage":"it-IT","potentialAction":[{"@type":"ReadAction","target":["https:\/\/genoneeleven.com\/product\/solid-green-hard-water\/"]}]},{"@type":"ImageObject","inLanguage":"it-IT","@id":"https:\/\/genoneeleven.com\/product\/solid-green-hard-water\/#primaryimage","url":"https:\/\/genoneeleven.com\/wp-content\/uploads\/2024\/02\/Solid-Green-Hard-Water-1-Liter.png","contentUrl":"https:\/\/genoneeleven.com\/wp-content\/uploads\/2024\/02\/Solid-Green-Hard-Water-1-Liter.png","width":300,"height":600,"caption":"Gen1:11 Solid Green Hard Water met een lage comcentratie Calcium"},{"@type":"BreadcrumbList","@id":"https:\/\/genoneeleven.com\/product\/solid-green-hard-water\/#breadcrumb","itemListElement":[{"@type":"ListItem","position":1,"name":"Home","item":"https:\/\/genoneeleven.com\/"},{"@type":"ListItem","position":2,"name":"Winkel","item":"http:\/\/genoneeleven.com\/es\/bestel-plantenvoeding-planten-kweken-met-de-beste-voeding\/"},{"@type":"ListItem","position":3,"name":"Solid Green Hard Water"}]},{"@type":"WebSite","@id":"https:\/\/genoneeleven.com\/#website","url":"https:\/\/genoneeleven.com\/","name":"Gen1:11 Nutrients","description":"See that it is good","publisher":{"@id":"https:\/\/genoneeleven.com\/#organization"},"potentialAction":[{"@type":"SearchAction","target":{"@type":"EntryPoint","urlTemplate":"https:\/\/genoneeleven.com\/?s={search_term_string}"},"query-input":{"@type":"PropertyValueSpecification","valueRequired":true,"valueName":"search_term_string"}}],"inLanguage":"it-IT"},{"@type":"Organization","@id":"https:\/\/genoneeleven.com\/#organization","name":"Gen1:11","url":"https:\/\/genoneeleven.com\/","logo":{"@type":"ImageObject","inLanguage":"it-IT","@id":"https:\/\/genoneeleven.com\/#\/schema\/logo\/image\/","url":"https:\/\/genoneeleven.com\/wp-content\/uploads\/2021\/04\/Homepage-slider-Logo.png","contentUrl":"https:\/\/genoneeleven.com\/wp-content\/uploads\/2021\/04\/Homepage-slider-Logo.png","width":844,"height":296,"caption":"Gen1:11"},"image":{"@id":"https:\/\/genoneeleven.com\/#\/schema\/logo\/image\/"},"sameAs":["https:\/\/www.facebook.com\/Genoneeleven-109249901222510\/","https:\/\/x.com\/Genoneeleven_nl","https:\/\/www.instagram.com\/genoneeleven_nutrients\/","https:\/\/www.linkedin.com\/in\/marco-holsheimer-40a3a629\/","https:\/\/www.youtube.com\/channel\/UCjCuqj65Q8PkNby433RU_dQ"]}]}},"_links":{"self":[{"href":"https:\/\/genoneeleven.com\/it\/wp-json\/wp\/v2\/product\/4789","targetHints":{"allow":["GET"]}}],"collection":[{"href":"https:\/\/genoneeleven.com\/it\/wp-json\/wp\/v2\/product"}],"about":[{"href":"https:\/\/genoneeleven.com\/it\/wp-json\/wp\/v2\/types\/product"}],"version-history":[{"count":2,"href":"https:\/\/genoneeleven.com\/it\/wp-json\/wp\/v2\/product\/4789\/revisions"}],"predecessor-version":[{"id":4795,"href":"https:\/\/genoneeleven.com\/it\/wp-json\/wp\/v2\/product\/4789\/revisions\/4795"}],"wp:featuredmedia":[{"embeddable":true,"href":"https:\/\/genoneeleven.com\/it\/wp-json\/wp\/v2\/media\/4793"}],"wp:attachment":[{"href":"https:\/\/genoneeleven.com\/it\/wp-json\/wp\/v2\/media?parent=4789"}],"wp:term":[{"taxonomy":"product_brand","embeddable":true,"href":"https:\/\/genoneeleven.com\/it\/wp-json\/wp\/v2\/product_brand?post=4789"},{"taxonomy":"product_cat","embeddable":true,"href":"https:\/\/genoneeleven.com\/it\/wp-json\/wp\/v2\/product_cat?post=4789"},{"taxonomy":"product_tag","embeddable":true,"href":"https:\/\/genoneeleven.com\/it\/wp-json\/wp\/v2\/product_tag?post=4789"}],"curies":[{"name":"wp","href":"https:\/\/api.w.org\/{rel}","templated":true}]}}