{"id":403,"date":"2021-03-29T21:35:14","date_gmt":"2021-03-29T21:35:14","guid":{"rendered":"https:\/\/genoneeleven.com\/?post_type=product&#038;p=403"},"modified":"2024-02-09T10:48:43","modified_gmt":"2024-02-09T10:48:43","slug":"foliar-bliss-organische-bladvoeding","status":"publish","type":"product","link":"https:\/\/genoneeleven.com\/fr\/produit\/foliar-bliss-organique-engrais-foliaire\/","title":{"rendered":"Foliar Bliss"},"content":{"rendered":"<p>Extractions organiques :<\/p>\n<p>Equisetum arvense<br \/>\nValeriana officinalis<br \/>\nMedicago sativa,<br \/>\nAloe Ferox<\/p>\n<p>Conserver dans un r\u00e9cipient ferm\u00e9 dans un endroit frais et sombre. 7- 30\u00b0C.<br \/>\nSchudden voor gebruik.<\/p>","protected":false},"excerpt":{"rendered":"<h3>Engrais organique pour plantes \u00e0 fleurs<\/h3>\n<p>Gen1:11 Foliar Bliss est un m\u00e9lange d'extraits organiques, sp\u00e9cialement con\u00e7u pour la phase de floraison pr\u00e9coce. Les extraits concentr\u00e9s contiennent notamment du triacontanol, du silicium, des vitamines, des acides amin\u00e9s et des macro et micro-\u00e9l\u00e9ments. Rendez votre plante plus r\u00e9sistante et \u00e0 l'abri du stress, afin qu'elle puisse consacrer toute son \u00e9nergie au d\u00e9veloppement des fleurs et des fruits. Incluant un agent mouillant naturel pour une absorption optimale par la feuille. Votre plante sera heureuse avec Gen1:11 Foliar Bliss<\/p>","protected":false},"featured_media":4819,"template":"","meta":[],"product_brand":[],"product_cat":[85,94,83,87,81],"product_tag":[46,28,47,40,37,29,27],"class_list":{"0":"post-403","1":"product","2":"type-product","3":"status-publish","4":"has-post-thumbnail","6":"product_cat-aanvullende-voedingsstoffen","7":"product_cat-alle-meststoffen","8":"product_cat-bladvoeding-sproeien-van-meststoffen","9":"product_cat-organisch-voeding","10":"product_cat-vloeibare-meststoffen","11":"product_tag-bladvoeding-cannabis","12":"product_tag-canna","13":"product_tag-fertilizer","14":"product_tag-foliar-plantenvoeding","15":"product_tag-nutrients","16":"product_tag-plagron","17":"product_tag-plantenvoeding","19":"first","20":"instock","21":"taxable","22":"shipping-taxable","23":"purchasable","24":"product-type-variable","25":"has-default-attributes"},"yoast_head":"<!-- This site is optimized with the Yoast SEO plugin v24.3 - https:\/\/yoast.com\/wordpress\/plugins\/seo\/ -->\n<title>foliar-bliss Organische bladvoeding plantenvoeding<\/title>\n<meta name=\"description\" content=\"Organische bladvoeding voor bloeiende planten. Meer bloemen door de organische elementen. Met triacontanol voor meer knopvorming\" \/>\n<meta name=\"robots\" content=\"index, follow, max-snippet:-1, max-image-preview:large, max-video-preview:-1\" \/>\n<link rel=\"canonical\" href=\"https:\/\/genoneeleven.com\/fr\/produit\/foliar-bliss-organique-engrais-foliaire\/\" \/>\n<meta property=\"og:locale\" content=\"fr_FR\" \/>\n<meta property=\"og:type\" content=\"article\" \/>\n<meta property=\"og:title\" content=\"foliar-bliss Organische bladvoeding plantenvoeding\" \/>\n<meta property=\"og:description\" content=\"Organische bladvoeding voor bloeiende planten. Meer bloemen door de organische elementen. Met triacontanol voor meer knopvorming\" \/>\n<meta property=\"og:url\" content=\"https:\/\/genoneeleven.com\/fr\/produit\/foliar-bliss-organique-engrais-foliaire\/\" \/>\n<meta property=\"og:site_name\" content=\"Genoneeleven\" \/>\n<meta property=\"article:publisher\" content=\"https:\/\/www.facebook.com\/Genoneeleven-109249901222510\/\" \/>\n<meta property=\"article:modified_time\" content=\"2024-02-09T10:48:43+00:00\" \/>\n<meta property=\"og:image\" content=\"https:\/\/genoneeleven.com\/wp-content\/uploads\/2021\/03\/Foliar-Bliss-1-Liter.png\" \/>\n\t<meta property=\"og:image:width\" content=\"300\" \/>\n\t<meta property=\"og:image:height\" content=\"599\" \/>\n\t<meta property=\"og:image:type\" content=\"image\/png\" \/>\n<meta name=\"twitter:card\" content=\"summary_large_image\" \/>\n<meta name=\"twitter:site\" content=\"@Genoneeleven_nl\" \/>\n<meta name=\"twitter:label1\" content=\"Dur\u00e9e de lecture estim\u00e9e\" \/>\n\t<meta name=\"twitter:data1\" content=\"1 minute\" \/>\n<script type=\"application\/ld+json\" class=\"yoast-schema-graph\">{\"@context\":\"https:\/\/schema.org\",\"@graph\":[{\"@type\":\"WebPage\",\"@id\":\"https:\/\/genoneeleven.com\/product\/foliar-bliss-organische-bladvoeding\/\",\"url\":\"https:\/\/genoneeleven.com\/product\/foliar-bliss-organische-bladvoeding\/\",\"name\":\"foliar-bliss Organische bladvoeding plantenvoeding\",\"isPartOf\":{\"@id\":\"https:\/\/genoneeleven.com\/#website\"},\"primaryImageOfPage\":{\"@id\":\"https:\/\/genoneeleven.com\/product\/foliar-bliss-organische-bladvoeding\/#primaryimage\"},\"image\":{\"@id\":\"https:\/\/genoneeleven.com\/product\/foliar-bliss-organische-bladvoeding\/#primaryimage\"},\"thumbnailUrl\":\"https:\/\/genoneeleven.com\/wp-content\/uploads\/2021\/03\/Foliar-Bliss-1-Liter.png\",\"datePublished\":\"2021-03-29T21:35:14+00:00\",\"dateModified\":\"2024-02-09T10:48:43+00:00\",\"description\":\"Organische bladvoeding voor bloeiende planten. Meer bloemen door de organische elementen. Met triacontanol voor meer knopvorming\",\"breadcrumb\":{\"@id\":\"https:\/\/genoneeleven.com\/product\/foliar-bliss-organische-bladvoeding\/#breadcrumb\"},\"inLanguage\":\"fr-FR\",\"potentialAction\":[{\"@type\":\"ReadAction\",\"target\":[\"https:\/\/genoneeleven.com\/product\/foliar-bliss-organische-bladvoeding\/\"]}]},{\"@type\":\"ImageObject\",\"inLanguage\":\"fr-FR\",\"@id\":\"https:\/\/genoneeleven.com\/product\/foliar-bliss-organische-bladvoeding\/#primaryimage\",\"url\":\"https:\/\/genoneeleven.com\/wp-content\/uploads\/2021\/03\/Foliar-Bliss-1-Liter.png\",\"contentUrl\":\"https:\/\/genoneeleven.com\/wp-content\/uploads\/2021\/03\/Foliar-Bliss-1-Liter.png\",\"width\":300,\"height\":599,\"caption\":\"Gen1:11 Foliar Bliss bladvoeding voor boosting de vruchtafzetting tijdens de vroege bloei\"},{\"@type\":\"BreadcrumbList\",\"@id\":\"https:\/\/genoneeleven.com\/product\/foliar-bliss-organische-bladvoeding\/#breadcrumb\",\"itemListElement\":[{\"@type\":\"ListItem\",\"position\":1,\"name\":\"Home\",\"item\":\"https:\/\/genoneeleven.com\/\"},{\"@type\":\"ListItem\",\"position\":2,\"name\":\"Winkel\",\"item\":\"http:\/\/genoneeleven.com\/es\/bestel-plantenvoeding-planten-kweken-met-de-beste-voeding\/\"},{\"@type\":\"ListItem\",\"position\":3,\"name\":\"Foliar Bliss\"}]},{\"@type\":\"WebSite\",\"@id\":\"https:\/\/genoneeleven.com\/#website\",\"url\":\"https:\/\/genoneeleven.com\/\",\"name\":\"Gen1:11 Nutrients\",\"description\":\"See that it is good\",\"publisher\":{\"@id\":\"https:\/\/genoneeleven.com\/#organization\"},\"potentialAction\":[{\"@type\":\"SearchAction\",\"target\":{\"@type\":\"EntryPoint\",\"urlTemplate\":\"https:\/\/genoneeleven.com\/?s={search_term_string}\"},\"query-input\":{\"@type\":\"PropertyValueSpecification\",\"valueRequired\":true,\"valueName\":\"search_term_string\"}}],\"inLanguage\":\"fr-FR\"},{\"@type\":\"Organization\",\"@id\":\"https:\/\/genoneeleven.com\/#organization\",\"name\":\"Gen1:11\",\"url\":\"https:\/\/genoneeleven.com\/\",\"logo\":{\"@type\":\"ImageObject\",\"inLanguage\":\"fr-FR\",\"@id\":\"https:\/\/genoneeleven.com\/#\/schema\/logo\/image\/\",\"url\":\"https:\/\/genoneeleven.com\/wp-content\/uploads\/2021\/04\/Homepage-slider-Logo.png\",\"contentUrl\":\"https:\/\/genoneeleven.com\/wp-content\/uploads\/2021\/04\/Homepage-slider-Logo.png\",\"width\":844,\"height\":296,\"caption\":\"Gen1:11\"},\"image\":{\"@id\":\"https:\/\/genoneeleven.com\/#\/schema\/logo\/image\/\"},\"sameAs\":[\"https:\/\/www.facebook.com\/Genoneeleven-109249901222510\/\",\"https:\/\/x.com\/Genoneeleven_nl\",\"https:\/\/www.instagram.com\/genoneeleven_nutrients\/\",\"https:\/\/www.linkedin.com\/in\/marco-holsheimer-40a3a629\/\",\"https:\/\/www.youtube.com\/channel\/UCjCuqj65Q8PkNby433RU_dQ\"]}]}<\/script>\n<!-- \/ Yoast SEO plugin. -->","yoast_head_json":{"title":"foliar-bliss Organische bladvoeding plantenvoeding","description":"Organische bladvoeding voor bloeiende planten. Meer bloemen door de organische elementen. Met triacontanol voor meer knopvorming","robots":{"index":"index","follow":"follow","max-snippet":"max-snippet:-1","max-image-preview":"max-image-preview:large","max-video-preview":"max-video-preview:-1"},"canonical":"https:\/\/genoneeleven.com\/fr\/produit\/foliar-bliss-organique-engrais-foliaire\/","og_locale":"fr_FR","og_type":"article","og_title":"foliar-bliss Organische bladvoeding plantenvoeding","og_description":"Organische bladvoeding voor bloeiende planten. Meer bloemen door de organische elementen. Met triacontanol voor meer knopvorming","og_url":"https:\/\/genoneeleven.com\/fr\/produit\/foliar-bliss-organique-engrais-foliaire\/","og_site_name":"Genoneeleven","article_publisher":"https:\/\/www.facebook.com\/Genoneeleven-109249901222510\/","article_modified_time":"2024-02-09T10:48:43+00:00","og_image":[{"width":300,"height":599,"url":"https:\/\/genoneeleven.com\/wp-content\/uploads\/2021\/03\/Foliar-Bliss-1-Liter.png","type":"image\/png"}],"twitter_card":"summary_large_image","twitter_site":"@Genoneeleven_nl","twitter_misc":{"Dur\u00e9e de lecture estim\u00e9e":"1 minute"},"schema":{"@context":"https:\/\/schema.org","@graph":[{"@type":"WebPage","@id":"https:\/\/genoneeleven.com\/product\/foliar-bliss-organische-bladvoeding\/","url":"https:\/\/genoneeleven.com\/product\/foliar-bliss-organische-bladvoeding\/","name":"foliar-bliss Organische bladvoeding plantenvoeding","isPartOf":{"@id":"https:\/\/genoneeleven.com\/#website"},"primaryImageOfPage":{"@id":"https:\/\/genoneeleven.com\/product\/foliar-bliss-organische-bladvoeding\/#primaryimage"},"image":{"@id":"https:\/\/genoneeleven.com\/product\/foliar-bliss-organische-bladvoeding\/#primaryimage"},"thumbnailUrl":"https:\/\/genoneeleven.com\/wp-content\/uploads\/2021\/03\/Foliar-Bliss-1-Liter.png","datePublished":"2021-03-29T21:35:14+00:00","dateModified":"2024-02-09T10:48:43+00:00","description":"Organische bladvoeding voor bloeiende planten. Meer bloemen door de organische elementen. Met triacontanol voor meer knopvorming","breadcrumb":{"@id":"https:\/\/genoneeleven.com\/product\/foliar-bliss-organische-bladvoeding\/#breadcrumb"},"inLanguage":"fr-FR","potentialAction":[{"@type":"ReadAction","target":["https:\/\/genoneeleven.com\/product\/foliar-bliss-organische-bladvoeding\/"]}]},{"@type":"ImageObject","inLanguage":"fr-FR","@id":"https:\/\/genoneeleven.com\/product\/foliar-bliss-organische-bladvoeding\/#primaryimage","url":"https:\/\/genoneeleven.com\/wp-content\/uploads\/2021\/03\/Foliar-Bliss-1-Liter.png","contentUrl":"https:\/\/genoneeleven.com\/wp-content\/uploads\/2021\/03\/Foliar-Bliss-1-Liter.png","width":300,"height":599,"caption":"Gen1:11 Foliar Bliss bladvoeding voor boosting de vruchtafzetting tijdens de vroege bloei"},{"@type":"BreadcrumbList","@id":"https:\/\/genoneeleven.com\/product\/foliar-bliss-organische-bladvoeding\/#breadcrumb","itemListElement":[{"@type":"ListItem","position":1,"name":"Home","item":"https:\/\/genoneeleven.com\/"},{"@type":"ListItem","position":2,"name":"Winkel","item":"http:\/\/genoneeleven.com\/es\/bestel-plantenvoeding-planten-kweken-met-de-beste-voeding\/"},{"@type":"ListItem","position":3,"name":"Foliar Bliss"}]},{"@type":"WebSite","@id":"https:\/\/genoneeleven.com\/#website","url":"https:\/\/genoneeleven.com\/","name":"Gen1:11 Nutrients","description":"See that it is good","publisher":{"@id":"https:\/\/genoneeleven.com\/#organization"},"potentialAction":[{"@type":"SearchAction","target":{"@type":"EntryPoint","urlTemplate":"https:\/\/genoneeleven.com\/?s={search_term_string}"},"query-input":{"@type":"PropertyValueSpecification","valueRequired":true,"valueName":"search_term_string"}}],"inLanguage":"fr-FR"},{"@type":"Organization","@id":"https:\/\/genoneeleven.com\/#organization","name":"Gen1:11","url":"https:\/\/genoneeleven.com\/","logo":{"@type":"ImageObject","inLanguage":"fr-FR","@id":"https:\/\/genoneeleven.com\/#\/schema\/logo\/image\/","url":"https:\/\/genoneeleven.com\/wp-content\/uploads\/2021\/04\/Homepage-slider-Logo.png","contentUrl":"https:\/\/genoneeleven.com\/wp-content\/uploads\/2021\/04\/Homepage-slider-Logo.png","width":844,"height":296,"caption":"Gen1:11"},"image":{"@id":"https:\/\/genoneeleven.com\/#\/schema\/logo\/image\/"},"sameAs":["https:\/\/www.facebook.com\/Genoneeleven-109249901222510\/","https:\/\/x.com\/Genoneeleven_nl","https:\/\/www.instagram.com\/genoneeleven_nutrients\/","https:\/\/www.linkedin.com\/in\/marco-holsheimer-40a3a629\/","https:\/\/www.youtube.com\/channel\/UCjCuqj65Q8PkNby433RU_dQ"]}]}},"_links":{"self":[{"href":"https:\/\/genoneeleven.com\/fr\/wp-json\/wp\/v2\/product\/403","targetHints":{"allow":["GET"]}}],"collection":[{"href":"https:\/\/genoneeleven.com\/fr\/wp-json\/wp\/v2\/product"}],"about":[{"href":"https:\/\/genoneeleven.com\/fr\/wp-json\/wp\/v2\/types\/product"}],"version-history":[{"count":5,"href":"https:\/\/genoneeleven.com\/fr\/wp-json\/wp\/v2\/product\/403\/revisions"}],"predecessor-version":[{"id":3266,"href":"https:\/\/genoneeleven.com\/fr\/wp-json\/wp\/v2\/product\/403\/revisions\/3266"}],"wp:featuredmedia":[{"embeddable":true,"href":"https:\/\/genoneeleven.com\/fr\/wp-json\/wp\/v2\/media\/4819"}],"wp:attachment":[{"href":"https:\/\/genoneeleven.com\/fr\/wp-json\/wp\/v2\/media?parent=403"}],"wp:term":[{"taxonomy":"product_brand","embeddable":true,"href":"https:\/\/genoneeleven.com\/fr\/wp-json\/wp\/v2\/product_brand?post=403"},{"taxonomy":"product_cat","embeddable":true,"href":"https:\/\/genoneeleven.com\/fr\/wp-json\/wp\/v2\/product_cat?post=403"},{"taxonomy":"product_tag","embeddable":true,"href":"https:\/\/genoneeleven.com\/fr\/wp-json\/wp\/v2\/product_tag?post=403"}],"curies":[{"name":"wp","href":"https:\/\/api.w.org\/{rel}","templated":true}]}}