{"id":390,"date":"2021-03-29T21:30:33","date_gmt":"2021-03-29T21:30:33","guid":{"rendered":"https:\/\/genoneeleven.com\/?post_type=product&#038;p=390"},"modified":"2024-02-09T10:48:45","modified_gmt":"2024-02-09T10:48:45","slug":"voeding-voor-bloeiende-planten","status":"publish","type":"product","link":"https:\/\/genoneeleven.com\/fr\/produit\/nutriments-pour-les-plantes-fleuries\/","title":{"rendered":"Early Flower"},"content":{"rendered":"<p>N-P-K 0-5-4<\/p>\n<p>(P2O5) Phosphorus pentoxideL 5%<br \/>\n(K2O) Potassium oxide: 4%<\/p>\n<p>Amino Acid extract<br \/>\nAscophyllum nodosum extract<br \/>\nMedicago Sativa extract<\/p>\n<p>Conserver dans un r\u00e9cipient ferm\u00e9 dans un endroit frais et sombre. 7- 30\u00b0C.<br \/>\nAgiter avant l'utilisation<\/p>\n<p>&nbsp;<\/p>","protected":false},"excerpt":{"rendered":"<h3>Plus de bourgeonnement avec Gen1:11 floraison pr\u00e9coce<\/h3>\n<p>Gen1:11 Early Flower -  Une explosion de boutons de fleur gr\u00e2ce \u00e0 la formule unique. Votre cr\u00e9ation est nourrie avec e. a. le triacontanol, des acides amin\u00e9s et des vitamines. On les obtient dans diff\u00e9rents extraits organiques. Et ils sont aussi responsables d\u2019une multitude de boutons en cas de floraison h\u00e2tive. Des boutons sains qui sont la base d\u2019un r\u00e9sultat final magnifique. Cr\u00e9ez votre floraison abondante avec un boost de Gen1:11 Early Flower. Et la plante va fleurir !<\/p>\n<p>Gen1:11 Early Flower fait partie de la gamme de nutriments organo-min\u00e9raux Gen1:11. Peut \u00eatre utilis\u00e9 avec Soil, Coco et Hydro.<\/p>","protected":false},"featured_media":4818,"template":"","meta":[],"product_brand":[],"product_cat":[15,94,86,81],"product_tag":[31,30,28,38,26,29,27],"class_list":{"0":"post-390","1":"product","2":"type-product","3":"status-publish","4":"has-post-thumbnail","6":"product_cat-organo-minerale-meststoffen","7":"product_cat-alle-meststoffen","8":"product_cat-gen111-standaard-voedingslijn","9":"product_cat-vloeibare-meststoffen","10":"product_tag-atami","11":"product_tag-bac","12":"product_tag-canna","13":"product_tag-early-flower","14":"product_tag-organo-mineraal","15":"product_tag-plagron","16":"product_tag-plantenvoeding","18":"first","19":"instock","20":"taxable","21":"shipping-taxable","22":"purchasable","23":"product-type-variable","24":"has-default-attributes"},"yoast_head":"<!-- This site is optimized with the Yoast SEO plugin v24.3 - https:\/\/yoast.com\/wordpress\/plugins\/seo\/ -->\n<title>Gen1:11 Early Flower voor meer knoppen en een uitbundigere bloei<\/title>\n<meta name=\"description\" content=\"Plantenvoeding voor bloeiende planten. Een explosie van bloemknoppen dankzij de unieke formule. Boost de bloei met Gen1:11 Early Flower.\" \/>\n<meta name=\"robots\" content=\"index, follow, max-snippet:-1, max-image-preview:large, max-video-preview:-1\" \/>\n<link rel=\"canonical\" href=\"https:\/\/genoneeleven.com\/fr\/produit\/nutriments-pour-les-plantes-fleuries\/\" \/>\n<meta property=\"og:locale\" content=\"fr_FR\" \/>\n<meta property=\"og:type\" content=\"article\" \/>\n<meta property=\"og:title\" content=\"Gen1:11 Early Flower voor meer knoppen en een uitbundigere bloei\" \/>\n<meta property=\"og:description\" content=\"Plantenvoeding voor bloeiende planten. Een explosie van bloemknoppen dankzij de unieke formule. Boost de bloei met Gen1:11 Early Flower.\" \/>\n<meta property=\"og:url\" content=\"https:\/\/genoneeleven.com\/fr\/produit\/nutriments-pour-les-plantes-fleuries\/\" \/>\n<meta property=\"og:site_name\" content=\"Genoneeleven\" \/>\n<meta property=\"article:publisher\" content=\"https:\/\/www.facebook.com\/Genoneeleven-109249901222510\/\" \/>\n<meta property=\"article:modified_time\" content=\"2024-02-09T10:48:45+00:00\" \/>\n<meta property=\"og:image\" content=\"https:\/\/genoneeleven.com\/wp-content\/uploads\/2021\/03\/Early-Flower-1-Liter.png\" \/>\n\t<meta property=\"og:image:width\" content=\"300\" \/>\n\t<meta property=\"og:image:height\" content=\"600\" \/>\n\t<meta property=\"og:image:type\" content=\"image\/png\" \/>\n<meta name=\"twitter:card\" content=\"summary_large_image\" \/>\n<meta name=\"twitter:site\" content=\"@Genoneeleven_nl\" \/>\n<meta name=\"twitter:label1\" content=\"Dur\u00e9e de lecture estim\u00e9e\" \/>\n\t<meta name=\"twitter:data1\" content=\"1 minute\" \/>\n<script type=\"application\/ld+json\" class=\"yoast-schema-graph\">{\"@context\":\"https:\/\/schema.org\",\"@graph\":[{\"@type\":\"WebPage\",\"@id\":\"https:\/\/genoneeleven.com\/product\/voeding-voor-bloeiende-planten\/\",\"url\":\"https:\/\/genoneeleven.com\/product\/voeding-voor-bloeiende-planten\/\",\"name\":\"Gen1:11 Early Flower voor meer knoppen en een uitbundigere bloei\",\"isPartOf\":{\"@id\":\"https:\/\/genoneeleven.com\/#website\"},\"primaryImageOfPage\":{\"@id\":\"https:\/\/genoneeleven.com\/product\/voeding-voor-bloeiende-planten\/#primaryimage\"},\"image\":{\"@id\":\"https:\/\/genoneeleven.com\/product\/voeding-voor-bloeiende-planten\/#primaryimage\"},\"thumbnailUrl\":\"https:\/\/genoneeleven.com\/wp-content\/uploads\/2021\/03\/Early-Flower-1-Liter.png\",\"datePublished\":\"2021-03-29T21:30:33+00:00\",\"dateModified\":\"2024-02-09T10:48:45+00:00\",\"description\":\"Plantenvoeding voor bloeiende planten. Een explosie van bloemknoppen dankzij de unieke formule. Boost de bloei met Gen1:11 Early Flower.\",\"breadcrumb\":{\"@id\":\"https:\/\/genoneeleven.com\/product\/voeding-voor-bloeiende-planten\/#breadcrumb\"},\"inLanguage\":\"fr-FR\",\"potentialAction\":[{\"@type\":\"ReadAction\",\"target\":[\"https:\/\/genoneeleven.com\/product\/voeding-voor-bloeiende-planten\/\"]}]},{\"@type\":\"ImageObject\",\"inLanguage\":\"fr-FR\",\"@id\":\"https:\/\/genoneeleven.com\/product\/voeding-voor-bloeiende-planten\/#primaryimage\",\"url\":\"https:\/\/genoneeleven.com\/wp-content\/uploads\/2021\/03\/Early-Flower-1-Liter.png\",\"contentUrl\":\"https:\/\/genoneeleven.com\/wp-content\/uploads\/2021\/03\/Early-Flower-1-Liter.png\",\"width\":300,\"height\":600,\"caption\":\"Plantenvoeding voor de vroege bloeifase. Zorgt voor meer knopvorming\"},{\"@type\":\"BreadcrumbList\",\"@id\":\"https:\/\/genoneeleven.com\/product\/voeding-voor-bloeiende-planten\/#breadcrumb\",\"itemListElement\":[{\"@type\":\"ListItem\",\"position\":1,\"name\":\"Home\",\"item\":\"https:\/\/genoneeleven.com\/\"},{\"@type\":\"ListItem\",\"position\":2,\"name\":\"Winkel\",\"item\":\"http:\/\/genoneeleven.com\/es\/bestel-plantenvoeding-planten-kweken-met-de-beste-voeding\/\"},{\"@type\":\"ListItem\",\"position\":3,\"name\":\"Early Flower\"}]},{\"@type\":\"WebSite\",\"@id\":\"https:\/\/genoneeleven.com\/#website\",\"url\":\"https:\/\/genoneeleven.com\/\",\"name\":\"Gen1:11 Nutrients\",\"description\":\"See that it is good\",\"publisher\":{\"@id\":\"https:\/\/genoneeleven.com\/#organization\"},\"potentialAction\":[{\"@type\":\"SearchAction\",\"target\":{\"@type\":\"EntryPoint\",\"urlTemplate\":\"https:\/\/genoneeleven.com\/?s={search_term_string}\"},\"query-input\":{\"@type\":\"PropertyValueSpecification\",\"valueRequired\":true,\"valueName\":\"search_term_string\"}}],\"inLanguage\":\"fr-FR\"},{\"@type\":\"Organization\",\"@id\":\"https:\/\/genoneeleven.com\/#organization\",\"name\":\"Gen1:11\",\"url\":\"https:\/\/genoneeleven.com\/\",\"logo\":{\"@type\":\"ImageObject\",\"inLanguage\":\"fr-FR\",\"@id\":\"https:\/\/genoneeleven.com\/#\/schema\/logo\/image\/\",\"url\":\"https:\/\/genoneeleven.com\/wp-content\/uploads\/2021\/04\/Homepage-slider-Logo.png\",\"contentUrl\":\"https:\/\/genoneeleven.com\/wp-content\/uploads\/2021\/04\/Homepage-slider-Logo.png\",\"width\":844,\"height\":296,\"caption\":\"Gen1:11\"},\"image\":{\"@id\":\"https:\/\/genoneeleven.com\/#\/schema\/logo\/image\/\"},\"sameAs\":[\"https:\/\/www.facebook.com\/Genoneeleven-109249901222510\/\",\"https:\/\/x.com\/Genoneeleven_nl\",\"https:\/\/www.instagram.com\/genoneeleven_nutrients\/\",\"https:\/\/www.linkedin.com\/in\/marco-holsheimer-40a3a629\/\",\"https:\/\/www.youtube.com\/channel\/UCjCuqj65Q8PkNby433RU_dQ\"]}]}<\/script>\n<!-- \/ Yoast SEO plugin. -->","yoast_head_json":{"title":"Gen1:11 Early Flower voor meer knoppen en een uitbundigere bloei","description":"Plantenvoeding voor bloeiende planten. Een explosie van bloemknoppen dankzij de unieke formule. Boost de bloei met Gen1:11 Early Flower.","robots":{"index":"index","follow":"follow","max-snippet":"max-snippet:-1","max-image-preview":"max-image-preview:large","max-video-preview":"max-video-preview:-1"},"canonical":"https:\/\/genoneeleven.com\/fr\/produit\/nutriments-pour-les-plantes-fleuries\/","og_locale":"fr_FR","og_type":"article","og_title":"Gen1:11 Early Flower voor meer knoppen en een uitbundigere bloei","og_description":"Plantenvoeding voor bloeiende planten. Een explosie van bloemknoppen dankzij de unieke formule. Boost de bloei met Gen1:11 Early Flower.","og_url":"https:\/\/genoneeleven.com\/fr\/produit\/nutriments-pour-les-plantes-fleuries\/","og_site_name":"Genoneeleven","article_publisher":"https:\/\/www.facebook.com\/Genoneeleven-109249901222510\/","article_modified_time":"2024-02-09T10:48:45+00:00","og_image":[{"width":300,"height":600,"url":"https:\/\/genoneeleven.com\/wp-content\/uploads\/2021\/03\/Early-Flower-1-Liter.png","type":"image\/png"}],"twitter_card":"summary_large_image","twitter_site":"@Genoneeleven_nl","twitter_misc":{"Dur\u00e9e de lecture estim\u00e9e":"1 minute"},"schema":{"@context":"https:\/\/schema.org","@graph":[{"@type":"WebPage","@id":"https:\/\/genoneeleven.com\/product\/voeding-voor-bloeiende-planten\/","url":"https:\/\/genoneeleven.com\/product\/voeding-voor-bloeiende-planten\/","name":"Gen1:11 Early Flower voor meer knoppen en een uitbundigere bloei","isPartOf":{"@id":"https:\/\/genoneeleven.com\/#website"},"primaryImageOfPage":{"@id":"https:\/\/genoneeleven.com\/product\/voeding-voor-bloeiende-planten\/#primaryimage"},"image":{"@id":"https:\/\/genoneeleven.com\/product\/voeding-voor-bloeiende-planten\/#primaryimage"},"thumbnailUrl":"https:\/\/genoneeleven.com\/wp-content\/uploads\/2021\/03\/Early-Flower-1-Liter.png","datePublished":"2021-03-29T21:30:33+00:00","dateModified":"2024-02-09T10:48:45+00:00","description":"Plantenvoeding voor bloeiende planten. Een explosie van bloemknoppen dankzij de unieke formule. Boost de bloei met Gen1:11 Early Flower.","breadcrumb":{"@id":"https:\/\/genoneeleven.com\/product\/voeding-voor-bloeiende-planten\/#breadcrumb"},"inLanguage":"fr-FR","potentialAction":[{"@type":"ReadAction","target":["https:\/\/genoneeleven.com\/product\/voeding-voor-bloeiende-planten\/"]}]},{"@type":"ImageObject","inLanguage":"fr-FR","@id":"https:\/\/genoneeleven.com\/product\/voeding-voor-bloeiende-planten\/#primaryimage","url":"https:\/\/genoneeleven.com\/wp-content\/uploads\/2021\/03\/Early-Flower-1-Liter.png","contentUrl":"https:\/\/genoneeleven.com\/wp-content\/uploads\/2021\/03\/Early-Flower-1-Liter.png","width":300,"height":600,"caption":"Plantenvoeding voor de vroege bloeifase. Zorgt voor meer knopvorming"},{"@type":"BreadcrumbList","@id":"https:\/\/genoneeleven.com\/product\/voeding-voor-bloeiende-planten\/#breadcrumb","itemListElement":[{"@type":"ListItem","position":1,"name":"Home","item":"https:\/\/genoneeleven.com\/"},{"@type":"ListItem","position":2,"name":"Winkel","item":"http:\/\/genoneeleven.com\/es\/bestel-plantenvoeding-planten-kweken-met-de-beste-voeding\/"},{"@type":"ListItem","position":3,"name":"Early Flower"}]},{"@type":"WebSite","@id":"https:\/\/genoneeleven.com\/#website","url":"https:\/\/genoneeleven.com\/","name":"Gen1:11 Nutrients","description":"See that it is good","publisher":{"@id":"https:\/\/genoneeleven.com\/#organization"},"potentialAction":[{"@type":"SearchAction","target":{"@type":"EntryPoint","urlTemplate":"https:\/\/genoneeleven.com\/?s={search_term_string}"},"query-input":{"@type":"PropertyValueSpecification","valueRequired":true,"valueName":"search_term_string"}}],"inLanguage":"fr-FR"},{"@type":"Organization","@id":"https:\/\/genoneeleven.com\/#organization","name":"Gen1:11","url":"https:\/\/genoneeleven.com\/","logo":{"@type":"ImageObject","inLanguage":"fr-FR","@id":"https:\/\/genoneeleven.com\/#\/schema\/logo\/image\/","url":"https:\/\/genoneeleven.com\/wp-content\/uploads\/2021\/04\/Homepage-slider-Logo.png","contentUrl":"https:\/\/genoneeleven.com\/wp-content\/uploads\/2021\/04\/Homepage-slider-Logo.png","width":844,"height":296,"caption":"Gen1:11"},"image":{"@id":"https:\/\/genoneeleven.com\/#\/schema\/logo\/image\/"},"sameAs":["https:\/\/www.facebook.com\/Genoneeleven-109249901222510\/","https:\/\/x.com\/Genoneeleven_nl","https:\/\/www.instagram.com\/genoneeleven_nutrients\/","https:\/\/www.linkedin.com\/in\/marco-holsheimer-40a3a629\/","https:\/\/www.youtube.com\/channel\/UCjCuqj65Q8PkNby433RU_dQ"]}]}},"_links":{"self":[{"href":"https:\/\/genoneeleven.com\/fr\/wp-json\/wp\/v2\/product\/390","targetHints":{"allow":["GET"]}}],"collection":[{"href":"https:\/\/genoneeleven.com\/fr\/wp-json\/wp\/v2\/product"}],"about":[{"href":"https:\/\/genoneeleven.com\/fr\/wp-json\/wp\/v2\/types\/product"}],"version-history":[{"count":9,"href":"https:\/\/genoneeleven.com\/fr\/wp-json\/wp\/v2\/product\/390\/revisions"}],"predecessor-version":[{"id":3264,"href":"https:\/\/genoneeleven.com\/fr\/wp-json\/wp\/v2\/product\/390\/revisions\/3264"}],"wp:featuredmedia":[{"embeddable":true,"href":"https:\/\/genoneeleven.com\/fr\/wp-json\/wp\/v2\/media\/4818"}],"wp:attachment":[{"href":"https:\/\/genoneeleven.com\/fr\/wp-json\/wp\/v2\/media?parent=390"}],"wp:term":[{"taxonomy":"product_brand","embeddable":true,"href":"https:\/\/genoneeleven.com\/fr\/wp-json\/wp\/v2\/product_brand?post=390"},{"taxonomy":"product_cat","embeddable":true,"href":"https:\/\/genoneeleven.com\/fr\/wp-json\/wp\/v2\/product_cat?post=390"},{"taxonomy":"product_tag","embeddable":true,"href":"https:\/\/genoneeleven.com\/fr\/wp-json\/wp\/v2\/product_tag?post=390"}],"curies":[{"name":"wp","href":"https:\/\/api.w.org\/{rel}","templated":true}]}}