{"id":383,"date":"2021-03-29T21:29:09","date_gmt":"2021-03-29T21:29:09","guid":{"rendered":"https:\/\/genoneeleven.com\/?post_type=product&#038;p=383"},"modified":"2024-02-09T10:48:46","modified_gmt":"2024-02-09T10:48:46","slug":"solid-green-voor-sterke-groene-planten","status":"publish","type":"product","link":"https:\/\/genoneeleven.com\/fr\/produit\/solid-green-pour-les-plantes-vertes-solides\/","title":{"rendered":"Solid Green"},"content":{"rendered":"<p>N-P-K+(Ca)-(Mg)\u00a0 \u00a06-0-0+(9)-(2)<\/p>\n<p>(N) Nitrogen Total: 6%<br \/>\n(NO3-N) Nitrate nitrogen: 6%<\/p>\n<p>(CaO) Calcium oxide: 9,3%<br \/>\n(MgO) Magnesium Oxide: 2%<\/p>\n<p>(Fe) Iron: 0,046 (As HBED &amp; IDHA Chelate )<\/p>\n<p>Conserver dans un r\u00e9cipient ferm\u00e9 dans un endroit frais et sombre. 7- 30\u00b0C.<br \/>\nAgiter avant l'utilisation<\/p>\n<p>&nbsp;<\/p>","protected":false},"excerpt":{"rendered":"<h3><span lang=\"EN-GB\">Alle elementen voor een gezonde basis. Van start tot oogst<\/span><\/h3>\n<p>Gen1:11 Solid Green - Nourrissez vos plantes avec les sources les plus puissantes. Le calcium a de nombreuses fonctions dans de nombreux processus. Mais il est particuli\u00e8rement important pour une plante forte. Le magn\u00e9sium et le fer sont indispensables, entre autres, au processus de photosynth\u00e8se. L'un des processus les plus essentiels de la plante. Le moteur qui transforme la lumi\u00e8re en sucres. La source d'\u00e9nergie. C'est vous qui d\u00e9cidez. Vous cr\u00e9ez. Grandissez vert, grandissez fort, grandissez dur avec Gen1:11 Solid Green.<\/p>\n<p>Gen1:11 Solid Green fait partie de la gamme de nutriments organo-min\u00e9raux Gen1:11. Peut \u00eatre utilis\u00e9 avec Soil, Coco et Hydro.<\/p>","protected":false},"featured_media":4821,"template":"","meta":[],"product_brand":[],"product_cat":[94,83,84,86,81],"product_tag":[30,45,43,37,26,29,27],"class_list":{"0":"post-383","1":"product","2":"type-product","3":"status-publish","4":"has-post-thumbnail","6":"product_cat-alle-meststoffen","7":"product_cat-bladvoeding-sproeien-van-meststoffen","8":"product_cat-minerale-plantenvoeding","9":"product_cat-gen111-standaard-voedingslijn","10":"product_cat-vloeibare-meststoffen","11":"product_tag-bac","12":"product_tag-calmag","13":"product_tag-gen111","14":"product_tag-nutrients","15":"product_tag-organo-mineraal","16":"product_tag-plagron","17":"product_tag-plantenvoeding","19":"first","20":"instock","21":"taxable","22":"shipping-taxable","23":"purchasable","24":"product-type-variable","25":"has-default-attributes"},"yoast_head":"<!-- This site is optimized with the Yoast SEO plugin v24.3 - https:\/\/yoast.com\/wordpress\/plugins\/seo\/ -->\n<title>Gen1:11 Solid Green. Voor sterke en groene planten<\/title>\n<meta name=\"description\" content=\"Gen1:11 Solid Green \u2013 Voed je planten met de krachtigste bronnen. Groei groen, groei sterk, groei hard met Gen1:11 Solid Green.\" \/>\n<meta name=\"robots\" content=\"index, follow, max-snippet:-1, max-image-preview:large, max-video-preview:-1\" \/>\n<link rel=\"canonical\" href=\"https:\/\/genoneeleven.com\/fr\/produit\/solid-green-pour-les-plantes-vertes-solides\/\" \/>\n<meta property=\"og:locale\" content=\"fr_FR\" \/>\n<meta property=\"og:type\" content=\"article\" \/>\n<meta property=\"og:title\" content=\"Gen1:11 Solid Green. Voor sterke en groene planten\" \/>\n<meta property=\"og:description\" content=\"Gen1:11 Solid Green \u2013 Voed je planten met de krachtigste bronnen. Groei groen, groei sterk, groei hard met Gen1:11 Solid Green.\" \/>\n<meta property=\"og:url\" content=\"https:\/\/genoneeleven.com\/fr\/produit\/solid-green-pour-les-plantes-vertes-solides\/\" \/>\n<meta property=\"og:site_name\" content=\"Genoneeleven\" \/>\n<meta property=\"article:publisher\" content=\"https:\/\/www.facebook.com\/Genoneeleven-109249901222510\/\" \/>\n<meta property=\"article:modified_time\" content=\"2024-02-09T10:48:46+00:00\" \/>\n<meta property=\"og:image\" content=\"https:\/\/genoneeleven.com\/wp-content\/uploads\/2021\/03\/Solid-Green-1-Liter.png\" \/>\n\t<meta property=\"og:image:width\" content=\"300\" \/>\n\t<meta property=\"og:image:height\" content=\"600\" \/>\n\t<meta property=\"og:image:type\" content=\"image\/png\" \/>\n<meta name=\"twitter:card\" content=\"summary_large_image\" \/>\n<meta name=\"twitter:site\" content=\"@Genoneeleven_nl\" \/>\n<meta name=\"twitter:label1\" content=\"Dur\u00e9e de lecture estim\u00e9e\" \/>\n\t<meta name=\"twitter:data1\" content=\"1 minute\" \/>\n<script type=\"application\/ld+json\" class=\"yoast-schema-graph\">{\"@context\":\"https:\/\/schema.org\",\"@graph\":[{\"@type\":\"WebPage\",\"@id\":\"https:\/\/genoneeleven.com\/product\/solid-green-voor-sterke-groene-planten\/\",\"url\":\"https:\/\/genoneeleven.com\/product\/solid-green-voor-sterke-groene-planten\/\",\"name\":\"Gen1:11 Solid Green. Voor sterke en groene planten\",\"isPartOf\":{\"@id\":\"https:\/\/genoneeleven.com\/#website\"},\"primaryImageOfPage\":{\"@id\":\"https:\/\/genoneeleven.com\/product\/solid-green-voor-sterke-groene-planten\/#primaryimage\"},\"image\":{\"@id\":\"https:\/\/genoneeleven.com\/product\/solid-green-voor-sterke-groene-planten\/#primaryimage\"},\"thumbnailUrl\":\"https:\/\/genoneeleven.com\/wp-content\/uploads\/2021\/03\/Solid-Green-1-Liter.png\",\"datePublished\":\"2021-03-29T21:29:09+00:00\",\"dateModified\":\"2024-02-09T10:48:46+00:00\",\"description\":\"Gen1:11 Solid Green \u2013 Voed je planten met de krachtigste bronnen. Groei groen, groei sterk, groei hard met Gen1:11 Solid Green.\",\"breadcrumb\":{\"@id\":\"https:\/\/genoneeleven.com\/product\/solid-green-voor-sterke-groene-planten\/#breadcrumb\"},\"inLanguage\":\"fr-FR\",\"potentialAction\":[{\"@type\":\"ReadAction\",\"target\":[\"https:\/\/genoneeleven.com\/product\/solid-green-voor-sterke-groene-planten\/\"]}]},{\"@type\":\"ImageObject\",\"inLanguage\":\"fr-FR\",\"@id\":\"https:\/\/genoneeleven.com\/product\/solid-green-voor-sterke-groene-planten\/#primaryimage\",\"url\":\"https:\/\/genoneeleven.com\/wp-content\/uploads\/2021\/03\/Solid-Green-1-Liter.png\",\"contentUrl\":\"https:\/\/genoneeleven.com\/wp-content\/uploads\/2021\/03\/Solid-Green-1-Liter.png\",\"width\":300,\"height\":600,\"caption\":\"Groei groen en sterk met Solid Green Calcium magnesium en ijzer\"},{\"@type\":\"BreadcrumbList\",\"@id\":\"https:\/\/genoneeleven.com\/product\/solid-green-voor-sterke-groene-planten\/#breadcrumb\",\"itemListElement\":[{\"@type\":\"ListItem\",\"position\":1,\"name\":\"Home\",\"item\":\"https:\/\/genoneeleven.com\/\"},{\"@type\":\"ListItem\",\"position\":2,\"name\":\"Winkel\",\"item\":\"http:\/\/genoneeleven.com\/es\/bestel-plantenvoeding-planten-kweken-met-de-beste-voeding\/\"},{\"@type\":\"ListItem\",\"position\":3,\"name\":\"Solid Green\"}]},{\"@type\":\"WebSite\",\"@id\":\"https:\/\/genoneeleven.com\/#website\",\"url\":\"https:\/\/genoneeleven.com\/\",\"name\":\"Gen1:11 Nutrients\",\"description\":\"See that it is good\",\"publisher\":{\"@id\":\"https:\/\/genoneeleven.com\/#organization\"},\"potentialAction\":[{\"@type\":\"SearchAction\",\"target\":{\"@type\":\"EntryPoint\",\"urlTemplate\":\"https:\/\/genoneeleven.com\/?s={search_term_string}\"},\"query-input\":{\"@type\":\"PropertyValueSpecification\",\"valueRequired\":true,\"valueName\":\"search_term_string\"}}],\"inLanguage\":\"fr-FR\"},{\"@type\":\"Organization\",\"@id\":\"https:\/\/genoneeleven.com\/#organization\",\"name\":\"Gen1:11\",\"url\":\"https:\/\/genoneeleven.com\/\",\"logo\":{\"@type\":\"ImageObject\",\"inLanguage\":\"fr-FR\",\"@id\":\"https:\/\/genoneeleven.com\/#\/schema\/logo\/image\/\",\"url\":\"https:\/\/genoneeleven.com\/wp-content\/uploads\/2021\/04\/Homepage-slider-Logo.png\",\"contentUrl\":\"https:\/\/genoneeleven.com\/wp-content\/uploads\/2021\/04\/Homepage-slider-Logo.png\",\"width\":844,\"height\":296,\"caption\":\"Gen1:11\"},\"image\":{\"@id\":\"https:\/\/genoneeleven.com\/#\/schema\/logo\/image\/\"},\"sameAs\":[\"https:\/\/www.facebook.com\/Genoneeleven-109249901222510\/\",\"https:\/\/x.com\/Genoneeleven_nl\",\"https:\/\/www.instagram.com\/genoneeleven_nutrients\/\",\"https:\/\/www.linkedin.com\/in\/marco-holsheimer-40a3a629\/\",\"https:\/\/www.youtube.com\/channel\/UCjCuqj65Q8PkNby433RU_dQ\"]}]}<\/script>\n<!-- \/ Yoast SEO plugin. -->","yoast_head_json":{"title":"Gen1:11 Solid Green. Voor sterke en groene planten","description":"Gen1:11 Solid Green \u2013 Voed je planten met de krachtigste bronnen. Groei groen, groei sterk, groei hard met Gen1:11 Solid Green.","robots":{"index":"index","follow":"follow","max-snippet":"max-snippet:-1","max-image-preview":"max-image-preview:large","max-video-preview":"max-video-preview:-1"},"canonical":"https:\/\/genoneeleven.com\/fr\/produit\/solid-green-pour-les-plantes-vertes-solides\/","og_locale":"fr_FR","og_type":"article","og_title":"Gen1:11 Solid Green. Voor sterke en groene planten","og_description":"Gen1:11 Solid Green \u2013 Voed je planten met de krachtigste bronnen. Groei groen, groei sterk, groei hard met Gen1:11 Solid Green.","og_url":"https:\/\/genoneeleven.com\/fr\/produit\/solid-green-pour-les-plantes-vertes-solides\/","og_site_name":"Genoneeleven","article_publisher":"https:\/\/www.facebook.com\/Genoneeleven-109249901222510\/","article_modified_time":"2024-02-09T10:48:46+00:00","og_image":[{"width":300,"height":600,"url":"https:\/\/genoneeleven.com\/wp-content\/uploads\/2021\/03\/Solid-Green-1-Liter.png","type":"image\/png"}],"twitter_card":"summary_large_image","twitter_site":"@Genoneeleven_nl","twitter_misc":{"Dur\u00e9e de lecture estim\u00e9e":"1 minute"},"schema":{"@context":"https:\/\/schema.org","@graph":[{"@type":"WebPage","@id":"https:\/\/genoneeleven.com\/product\/solid-green-voor-sterke-groene-planten\/","url":"https:\/\/genoneeleven.com\/product\/solid-green-voor-sterke-groene-planten\/","name":"Gen1:11 Solid Green. Voor sterke en groene planten","isPartOf":{"@id":"https:\/\/genoneeleven.com\/#website"},"primaryImageOfPage":{"@id":"https:\/\/genoneeleven.com\/product\/solid-green-voor-sterke-groene-planten\/#primaryimage"},"image":{"@id":"https:\/\/genoneeleven.com\/product\/solid-green-voor-sterke-groene-planten\/#primaryimage"},"thumbnailUrl":"https:\/\/genoneeleven.com\/wp-content\/uploads\/2021\/03\/Solid-Green-1-Liter.png","datePublished":"2021-03-29T21:29:09+00:00","dateModified":"2024-02-09T10:48:46+00:00","description":"Gen1:11 Solid Green \u2013 Voed je planten met de krachtigste bronnen. Groei groen, groei sterk, groei hard met Gen1:11 Solid Green.","breadcrumb":{"@id":"https:\/\/genoneeleven.com\/product\/solid-green-voor-sterke-groene-planten\/#breadcrumb"},"inLanguage":"fr-FR","potentialAction":[{"@type":"ReadAction","target":["https:\/\/genoneeleven.com\/product\/solid-green-voor-sterke-groene-planten\/"]}]},{"@type":"ImageObject","inLanguage":"fr-FR","@id":"https:\/\/genoneeleven.com\/product\/solid-green-voor-sterke-groene-planten\/#primaryimage","url":"https:\/\/genoneeleven.com\/wp-content\/uploads\/2021\/03\/Solid-Green-1-Liter.png","contentUrl":"https:\/\/genoneeleven.com\/wp-content\/uploads\/2021\/03\/Solid-Green-1-Liter.png","width":300,"height":600,"caption":"Groei groen en sterk met Solid Green Calcium magnesium en ijzer"},{"@type":"BreadcrumbList","@id":"https:\/\/genoneeleven.com\/product\/solid-green-voor-sterke-groene-planten\/#breadcrumb","itemListElement":[{"@type":"ListItem","position":1,"name":"Home","item":"https:\/\/genoneeleven.com\/"},{"@type":"ListItem","position":2,"name":"Winkel","item":"http:\/\/genoneeleven.com\/es\/bestel-plantenvoeding-planten-kweken-met-de-beste-voeding\/"},{"@type":"ListItem","position":3,"name":"Solid Green"}]},{"@type":"WebSite","@id":"https:\/\/genoneeleven.com\/#website","url":"https:\/\/genoneeleven.com\/","name":"Gen1:11 Nutrients","description":"See that it is good","publisher":{"@id":"https:\/\/genoneeleven.com\/#organization"},"potentialAction":[{"@type":"SearchAction","target":{"@type":"EntryPoint","urlTemplate":"https:\/\/genoneeleven.com\/?s={search_term_string}"},"query-input":{"@type":"PropertyValueSpecification","valueRequired":true,"valueName":"search_term_string"}}],"inLanguage":"fr-FR"},{"@type":"Organization","@id":"https:\/\/genoneeleven.com\/#organization","name":"Gen1:11","url":"https:\/\/genoneeleven.com\/","logo":{"@type":"ImageObject","inLanguage":"fr-FR","@id":"https:\/\/genoneeleven.com\/#\/schema\/logo\/image\/","url":"https:\/\/genoneeleven.com\/wp-content\/uploads\/2021\/04\/Homepage-slider-Logo.png","contentUrl":"https:\/\/genoneeleven.com\/wp-content\/uploads\/2021\/04\/Homepage-slider-Logo.png","width":844,"height":296,"caption":"Gen1:11"},"image":{"@id":"https:\/\/genoneeleven.com\/#\/schema\/logo\/image\/"},"sameAs":["https:\/\/www.facebook.com\/Genoneeleven-109249901222510\/","https:\/\/x.com\/Genoneeleven_nl","https:\/\/www.instagram.com\/genoneeleven_nutrients\/","https:\/\/www.linkedin.com\/in\/marco-holsheimer-40a3a629\/","https:\/\/www.youtube.com\/channel\/UCjCuqj65Q8PkNby433RU_dQ"]}]}},"_links":{"self":[{"href":"https:\/\/genoneeleven.com\/fr\/wp-json\/wp\/v2\/product\/383","targetHints":{"allow":["GET"]}}],"collection":[{"href":"https:\/\/genoneeleven.com\/fr\/wp-json\/wp\/v2\/product"}],"about":[{"href":"https:\/\/genoneeleven.com\/fr\/wp-json\/wp\/v2\/types\/product"}],"version-history":[{"count":4,"href":"https:\/\/genoneeleven.com\/fr\/wp-json\/wp\/v2\/product\/383\/revisions"}],"predecessor-version":[{"id":389,"href":"https:\/\/genoneeleven.com\/fr\/wp-json\/wp\/v2\/product\/383\/revisions\/389"}],"wp:featuredmedia":[{"embeddable":true,"href":"https:\/\/genoneeleven.com\/fr\/wp-json\/wp\/v2\/media\/4821"}],"wp:attachment":[{"href":"https:\/\/genoneeleven.com\/fr\/wp-json\/wp\/v2\/media?parent=383"}],"wp:term":[{"taxonomy":"product_brand","embeddable":true,"href":"https:\/\/genoneeleven.com\/fr\/wp-json\/wp\/v2\/product_brand?post=383"},{"taxonomy":"product_cat","embeddable":true,"href":"https:\/\/genoneeleven.com\/fr\/wp-json\/wp\/v2\/product_cat?post=383"},{"taxonomy":"product_tag","embeddable":true,"href":"https:\/\/genoneeleven.com\/fr\/wp-json\/wp\/v2\/product_tag?post=383"}],"curies":[{"name":"wp","href":"https:\/\/api.w.org\/{rel}","templated":true}]}}