{"id":3479,"date":"2021-06-23T16:11:15","date_gmt":"2021-06-23T16:11:15","guid":{"rendered":"https:\/\/genoneeleven.com\/?post_type=product&#038;p=3479"},"modified":"2024-02-24T10:28:25","modified_gmt":"2024-02-24T10:28:25","slug":"starter-kit-large","status":"publish","type":"product","link":"https:\/\/genoneeleven.com\/fr\/produit\/starter-kit-large\/","title":{"rendered":"Starter Kit &#8211; Large + gratis Foliar Bliss"},"content":{"rendered":"<p>Starterkit complet - Large. Grow-your-own<\/p>\n<p>1Ltr Rise Up - Le phosphore et les auxines organiques sont les stimulateurs de racines de ce produit. L'azote et le silicium organique assurent une croissance saine des pousses.<\/p>\n<p>5ltr Wholly Base - Une base \u00e9quilibr\u00e9e pour toute p\u00e9riode de temps<\/p>\n<p>1ltr Solid Green - Calcium, magn\u00e9sium et fer pour des plantes vertes et fortes.<\/p>\n<p>1Ltr Early Flower - Floraison exub\u00e9rante. Le phosphore et le triacontanol organique stimulent la floraison.<\/p>\n<p>1Ltr Bloom Big - Bloombooster stimule et fait m\u00fbrir les fleurs.<\/p>\n<p>250ml Foliar Bliss - Nourriture foliaire organique pour une floraison pr\u00e9coce.<\/p>","protected":false},"excerpt":{"rendered":"<p>Complete Starter kit &#8211; large<\/p>","protected":false},"featured_media":6177,"template":"","meta":[],"product_brand":[],"product_cat":[15,94,80,86,81],"product_tag":[47,48,37,50,49],"class_list":{"0":"post-3479","1":"product","2":"type-product","3":"status-publish","4":"has-post-thumbnail","6":"product_cat-organo-minerale-meststoffen","7":"product_cat-alle-meststoffen","8":"product_cat-samengestelde-meststoffen-kits","9":"product_cat-gen111-standaard-voedingslijn","10":"product_cat-vloeibare-meststoffen","11":"product_tag-fertilizer","12":"product_tag-meststoffen","13":"product_tag-nutrients","14":"product_tag-starter-set","15":"product_tag-starterkit","17":"first","18":"instock","19":"taxable","20":"shipping-taxable","21":"purchasable","22":"product-type-simple"},"yoast_head":"<!-- This site is optimized with the Yoast SEO plugin v24.3 - https:\/\/yoast.com\/wordpress\/plugins\/seo\/ -->\n<title>complete organo-minerale Starterkit groot<\/title>\n<meta name=\"description\" content=\"Complete starterkit met een uniek formule. Alles in een pakket van wortel tot groei. Van vroege bloei tot het afrijpen complete organo-minerale kit\" \/>\n<meta name=\"robots\" content=\"index, follow, max-snippet:-1, max-image-preview:large, max-video-preview:-1\" \/>\n<link rel=\"canonical\" href=\"https:\/\/genoneeleven.com\/fr\/produit\/starter-kit-large\/\" \/>\n<meta property=\"og:locale\" content=\"fr_FR\" \/>\n<meta property=\"og:type\" content=\"article\" \/>\n<meta property=\"og:title\" content=\"complete organo-minerale Starterkit groot\" \/>\n<meta property=\"og:description\" content=\"Complete starterkit met een uniek formule. Alles in een pakket van wortel tot groei. Van vroege bloei tot het afrijpen complete organo-minerale kit\" \/>\n<meta property=\"og:url\" content=\"https:\/\/genoneeleven.com\/fr\/produit\/starter-kit-large\/\" \/>\n<meta property=\"og:site_name\" content=\"Genoneeleven\" \/>\n<meta property=\"article:publisher\" content=\"https:\/\/www.facebook.com\/Genoneeleven-109249901222510\/\" \/>\n<meta property=\"article:modified_time\" content=\"2024-02-24T10:28:25+00:00\" \/>\n<meta property=\"og:image\" content=\"https:\/\/genoneeleven.com\/wp-content\/uploads\/2021\/06\/Starterkitkit-Large.png\" \/>\n\t<meta property=\"og:image:width\" content=\"500\" \/>\n\t<meta property=\"og:image:height\" content=\"392\" \/>\n\t<meta property=\"og:image:type\" content=\"image\/png\" \/>\n<meta name=\"twitter:card\" content=\"summary_large_image\" \/>\n<meta name=\"twitter:site\" content=\"@Genoneeleven_nl\" \/>\n<meta name=\"twitter:label1\" content=\"Dur\u00e9e de lecture estim\u00e9e\" \/>\n\t<meta name=\"twitter:data1\" content=\"1 minute\" \/>\n<script type=\"application\/ld+json\" class=\"yoast-schema-graph\">{\"@context\":\"https:\/\/schema.org\",\"@graph\":[{\"@type\":\"WebPage\",\"@id\":\"https:\/\/genoneeleven.com\/product\/starter-kit-large\/\",\"url\":\"https:\/\/genoneeleven.com\/product\/starter-kit-large\/\",\"name\":\"complete organo-minerale Starterkit groot\",\"isPartOf\":{\"@id\":\"https:\/\/genoneeleven.com\/#website\"},\"primaryImageOfPage\":{\"@id\":\"https:\/\/genoneeleven.com\/product\/starter-kit-large\/#primaryimage\"},\"image\":{\"@id\":\"https:\/\/genoneeleven.com\/product\/starter-kit-large\/#primaryimage\"},\"thumbnailUrl\":\"https:\/\/genoneeleven.com\/wp-content\/uploads\/2021\/06\/Starterkitkit-Large.png\",\"datePublished\":\"2021-06-23T16:11:15+00:00\",\"dateModified\":\"2024-02-24T10:28:25+00:00\",\"description\":\"Complete starterkit met een uniek formule. Alles in een pakket van wortel tot groei. Van vroege bloei tot het afrijpen complete organo-minerale kit\",\"breadcrumb\":{\"@id\":\"https:\/\/genoneeleven.com\/product\/starter-kit-large\/#breadcrumb\"},\"inLanguage\":\"fr-FR\",\"potentialAction\":[{\"@type\":\"ReadAction\",\"target\":[\"https:\/\/genoneeleven.com\/product\/starter-kit-large\/\"]}]},{\"@type\":\"ImageObject\",\"inLanguage\":\"fr-FR\",\"@id\":\"https:\/\/genoneeleven.com\/product\/starter-kit-large\/#primaryimage\",\"url\":\"https:\/\/genoneeleven.com\/wp-content\/uploads\/2021\/06\/Starterkitkit-Large.png\",\"contentUrl\":\"https:\/\/genoneeleven.com\/wp-content\/uploads\/2021\/06\/Starterkitkit-Large.png\",\"width\":500,\"height\":392,\"caption\":\"Starterkit xl organomineraal meststoffen met biostimulanten\"},{\"@type\":\"BreadcrumbList\",\"@id\":\"https:\/\/genoneeleven.com\/product\/starter-kit-large\/#breadcrumb\",\"itemListElement\":[{\"@type\":\"ListItem\",\"position\":1,\"name\":\"Home\",\"item\":\"https:\/\/genoneeleven.com\/\"},{\"@type\":\"ListItem\",\"position\":2,\"name\":\"Winkel\",\"item\":\"http:\/\/genoneeleven.com\/es\/bestel-plantenvoeding-planten-kweken-met-de-beste-voeding\/\"},{\"@type\":\"ListItem\",\"position\":3,\"name\":\"Starter Kit &#8211; Large + gratis Foliar Bliss\"}]},{\"@type\":\"WebSite\",\"@id\":\"https:\/\/genoneeleven.com\/#website\",\"url\":\"https:\/\/genoneeleven.com\/\",\"name\":\"Gen1:11 Nutrients\",\"description\":\"See that it is good\",\"publisher\":{\"@id\":\"https:\/\/genoneeleven.com\/#organization\"},\"potentialAction\":[{\"@type\":\"SearchAction\",\"target\":{\"@type\":\"EntryPoint\",\"urlTemplate\":\"https:\/\/genoneeleven.com\/?s={search_term_string}\"},\"query-input\":{\"@type\":\"PropertyValueSpecification\",\"valueRequired\":true,\"valueName\":\"search_term_string\"}}],\"inLanguage\":\"fr-FR\"},{\"@type\":\"Organization\",\"@id\":\"https:\/\/genoneeleven.com\/#organization\",\"name\":\"Gen1:11\",\"url\":\"https:\/\/genoneeleven.com\/\",\"logo\":{\"@type\":\"ImageObject\",\"inLanguage\":\"fr-FR\",\"@id\":\"https:\/\/genoneeleven.com\/#\/schema\/logo\/image\/\",\"url\":\"https:\/\/genoneeleven.com\/wp-content\/uploads\/2021\/04\/Homepage-slider-Logo.png\",\"contentUrl\":\"https:\/\/genoneeleven.com\/wp-content\/uploads\/2021\/04\/Homepage-slider-Logo.png\",\"width\":844,\"height\":296,\"caption\":\"Gen1:11\"},\"image\":{\"@id\":\"https:\/\/genoneeleven.com\/#\/schema\/logo\/image\/\"},\"sameAs\":[\"https:\/\/www.facebook.com\/Genoneeleven-109249901222510\/\",\"https:\/\/x.com\/Genoneeleven_nl\",\"https:\/\/www.instagram.com\/genoneeleven_nutrients\/\",\"https:\/\/www.linkedin.com\/in\/marco-holsheimer-40a3a629\/\",\"https:\/\/www.youtube.com\/channel\/UCjCuqj65Q8PkNby433RU_dQ\"]}]}<\/script>\n<!-- \/ Yoast SEO plugin. -->","yoast_head_json":{"title":"complete organo-minerale Starterkit groot","description":"Complete starterkit met een uniek formule. Alles in een pakket van wortel tot groei. Van vroege bloei tot het afrijpen complete organo-minerale kit","robots":{"index":"index","follow":"follow","max-snippet":"max-snippet:-1","max-image-preview":"max-image-preview:large","max-video-preview":"max-video-preview:-1"},"canonical":"https:\/\/genoneeleven.com\/fr\/produit\/starter-kit-large\/","og_locale":"fr_FR","og_type":"article","og_title":"complete organo-minerale Starterkit groot","og_description":"Complete starterkit met een uniek formule. Alles in een pakket van wortel tot groei. Van vroege bloei tot het afrijpen complete organo-minerale kit","og_url":"https:\/\/genoneeleven.com\/fr\/produit\/starter-kit-large\/","og_site_name":"Genoneeleven","article_publisher":"https:\/\/www.facebook.com\/Genoneeleven-109249901222510\/","article_modified_time":"2024-02-24T10:28:25+00:00","og_image":[{"width":500,"height":392,"url":"https:\/\/genoneeleven.com\/wp-content\/uploads\/2021\/06\/Starterkitkit-Large.png","type":"image\/png"}],"twitter_card":"summary_large_image","twitter_site":"@Genoneeleven_nl","twitter_misc":{"Dur\u00e9e de lecture estim\u00e9e":"1 minute"},"schema":{"@context":"https:\/\/schema.org","@graph":[{"@type":"WebPage","@id":"https:\/\/genoneeleven.com\/product\/starter-kit-large\/","url":"https:\/\/genoneeleven.com\/product\/starter-kit-large\/","name":"complete organo-minerale Starterkit groot","isPartOf":{"@id":"https:\/\/genoneeleven.com\/#website"},"primaryImageOfPage":{"@id":"https:\/\/genoneeleven.com\/product\/starter-kit-large\/#primaryimage"},"image":{"@id":"https:\/\/genoneeleven.com\/product\/starter-kit-large\/#primaryimage"},"thumbnailUrl":"https:\/\/genoneeleven.com\/wp-content\/uploads\/2021\/06\/Starterkitkit-Large.png","datePublished":"2021-06-23T16:11:15+00:00","dateModified":"2024-02-24T10:28:25+00:00","description":"Complete starterkit met een uniek formule. Alles in een pakket van wortel tot groei. Van vroege bloei tot het afrijpen complete organo-minerale kit","breadcrumb":{"@id":"https:\/\/genoneeleven.com\/product\/starter-kit-large\/#breadcrumb"},"inLanguage":"fr-FR","potentialAction":[{"@type":"ReadAction","target":["https:\/\/genoneeleven.com\/product\/starter-kit-large\/"]}]},{"@type":"ImageObject","inLanguage":"fr-FR","@id":"https:\/\/genoneeleven.com\/product\/starter-kit-large\/#primaryimage","url":"https:\/\/genoneeleven.com\/wp-content\/uploads\/2021\/06\/Starterkitkit-Large.png","contentUrl":"https:\/\/genoneeleven.com\/wp-content\/uploads\/2021\/06\/Starterkitkit-Large.png","width":500,"height":392,"caption":"Starterkit xl organomineraal meststoffen met biostimulanten"},{"@type":"BreadcrumbList","@id":"https:\/\/genoneeleven.com\/product\/starter-kit-large\/#breadcrumb","itemListElement":[{"@type":"ListItem","position":1,"name":"Home","item":"https:\/\/genoneeleven.com\/"},{"@type":"ListItem","position":2,"name":"Winkel","item":"http:\/\/genoneeleven.com\/es\/bestel-plantenvoeding-planten-kweken-met-de-beste-voeding\/"},{"@type":"ListItem","position":3,"name":"Starter Kit &#8211; Large + gratis Foliar Bliss"}]},{"@type":"WebSite","@id":"https:\/\/genoneeleven.com\/#website","url":"https:\/\/genoneeleven.com\/","name":"Gen1:11 Nutrients","description":"See that it is good","publisher":{"@id":"https:\/\/genoneeleven.com\/#organization"},"potentialAction":[{"@type":"SearchAction","target":{"@type":"EntryPoint","urlTemplate":"https:\/\/genoneeleven.com\/?s={search_term_string}"},"query-input":{"@type":"PropertyValueSpecification","valueRequired":true,"valueName":"search_term_string"}}],"inLanguage":"fr-FR"},{"@type":"Organization","@id":"https:\/\/genoneeleven.com\/#organization","name":"Gen1:11","url":"https:\/\/genoneeleven.com\/","logo":{"@type":"ImageObject","inLanguage":"fr-FR","@id":"https:\/\/genoneeleven.com\/#\/schema\/logo\/image\/","url":"https:\/\/genoneeleven.com\/wp-content\/uploads\/2021\/04\/Homepage-slider-Logo.png","contentUrl":"https:\/\/genoneeleven.com\/wp-content\/uploads\/2021\/04\/Homepage-slider-Logo.png","width":844,"height":296,"caption":"Gen1:11"},"image":{"@id":"https:\/\/genoneeleven.com\/#\/schema\/logo\/image\/"},"sameAs":["https:\/\/www.facebook.com\/Genoneeleven-109249901222510\/","https:\/\/x.com\/Genoneeleven_nl","https:\/\/www.instagram.com\/genoneeleven_nutrients\/","https:\/\/www.linkedin.com\/in\/marco-holsheimer-40a3a629\/","https:\/\/www.youtube.com\/channel\/UCjCuqj65Q8PkNby433RU_dQ"]}]}},"_links":{"self":[{"href":"https:\/\/genoneeleven.com\/fr\/wp-json\/wp\/v2\/product\/3479","targetHints":{"allow":["GET"]}}],"collection":[{"href":"https:\/\/genoneeleven.com\/fr\/wp-json\/wp\/v2\/product"}],"about":[{"href":"https:\/\/genoneeleven.com\/fr\/wp-json\/wp\/v2\/types\/product"}],"version-history":[{"count":4,"href":"https:\/\/genoneeleven.com\/fr\/wp-json\/wp\/v2\/product\/3479\/revisions"}],"predecessor-version":[{"id":3482,"href":"https:\/\/genoneeleven.com\/fr\/wp-json\/wp\/v2\/product\/3479\/revisions\/3482"}],"wp:featuredmedia":[{"embeddable":true,"href":"https:\/\/genoneeleven.com\/fr\/wp-json\/wp\/v2\/media\/6177"}],"wp:attachment":[{"href":"https:\/\/genoneeleven.com\/fr\/wp-json\/wp\/v2\/media?parent=3479"}],"wp:term":[{"taxonomy":"product_brand","embeddable":true,"href":"https:\/\/genoneeleven.com\/fr\/wp-json\/wp\/v2\/product_brand?post=3479"},{"taxonomy":"product_cat","embeddable":true,"href":"https:\/\/genoneeleven.com\/fr\/wp-json\/wp\/v2\/product_cat?post=3479"},{"taxonomy":"product_tag","embeddable":true,"href":"https:\/\/genoneeleven.com\/fr\/wp-json\/wp\/v2\/product_tag?post=3479"}],"curies":[{"name":"wp","href":"https:\/\/api.w.org\/{rel}","templated":true}]}}