{"id":346,"date":"2021-03-29T20:04:23","date_gmt":"2021-03-29T20:04:23","guid":{"rendered":"https:\/\/genoneeleven.com\/?post_type=product&#038;p=346"},"modified":"2024-02-09T10:48:47","modified_gmt":"2024-02-09T10:48:47","slug":"wholly-base-de-basis-plantenvoeding","status":"publish","type":"product","link":"https:\/\/genoneeleven.com\/es\/producto\/fertilizante-vegetal-totalmente-basico\/","title":{"rendered":"Wholly Base"},"content":{"rendered":"<p>N-P-K+(S) 4-5-3+(2)<\/p>\n<p>(N) Nitrogen Total: 4%<br \/>\n(NH2-N) Urea nitrogen: 1,6%<br \/>\n(NH4-N) Ammoniacal-nitrogen: 1,6%<br \/>\n(NO3-N) Nitrate nitrogen: 0,8%<br \/>\n(P2O5) Phosphorus pentoxide: 3,1%<br \/>\n(K2O) Potassium oxide: 3,0%<br \/>\n(SO3) Sulfur trioxide: 2,1%<\/p>\n<p>(B) Boron: 0,008%<br \/>\n(Cu) Copper: 0,004%<br \/>\n(Mn) Manganese: 0,010%<br \/>\n(Mo) Molybdenum:0,001%<br \/>\n(Zn) Zinc: 0,010%<\/p>\n<p>Extractos org\u00e1nicos:<\/p>\n<p>Almacenar en un recipiente cerrado en un lugar fresco y oscuro. 7- 30\u00b0C.<br \/>\nAgitar antes de usar<\/p>\n<p>&nbsp;<\/p>","protected":false},"excerpt":{"rendered":"<h3><span lang=\"EN-GB\">Todos los elementos para una base saludable. Desde el inicio hasta la cosecha<\/span><\/h3>\n<p>Gen1:11 Wholly Base contiene todos los elementos b\u00e1sicos que necesita su planta durante todo su ciclo de vida. Refuerza la base y optimiza el crecimiento y floraci\u00f3n de su creaci\u00f3n. Los oligoelementos esenciales enriquecen el proceso biol\u00f3gico. Acompa\u00f1e cada fase con la mezcla correspondiente de micro y macro nutrientes. Acompa\u00f1e su creaci\u00f3n para que alcance su potencial \u00f3ptimo.  Gen1:11 Wholly Base. La base para cada creaci\u00f3n.<\/p>\n<p>Gen1:11 Wholly Base forma parte de la l\u00ednea de nutrientes minerales para plantas Gen1:11 Organo. Se puede utilizar con Soil, Cocos e Hydro.<\/p>","protected":false},"featured_media":4823,"template":"","meta":[],"product_brand":[],"product_cat":[15,94,86,81],"product_tag":[31,28,43,44,52,37,29,27],"class_list":{"0":"post-346","1":"product","2":"type-product","3":"status-publish","4":"has-post-thumbnail","6":"product_cat-organo-minerale-meststoffen","7":"product_cat-alle-meststoffen","8":"product_cat-gen111-standaard-voedingslijn","9":"product_cat-vloeibare-meststoffen","10":"product_tag-atami","11":"product_tag-canna","12":"product_tag-gen111","13":"product_tag-genoneeleven","14":"product_tag-kweken-planten","15":"product_tag-nutrients","16":"product_tag-plagron","17":"product_tag-plantenvoeding","19":"first","20":"instock","21":"taxable","22":"shipping-taxable","23":"purchasable","24":"product-type-variable","25":"has-default-attributes"},"yoast_head":"<!-- This site is optimized with the Yoast SEO plugin v24.3 - https:\/\/yoast.com\/wordpress\/plugins\/seo\/ -->\n<title>Wholly Base - Genoneeleven<\/title>\n<meta name=\"description\" content=\"Wholly Base De basis plantenvoeding voor iedere kweker. Alle basis elementen die je planten voeden voor het beste resultaat\" \/>\n<meta name=\"robots\" content=\"index, follow, max-snippet:-1, max-image-preview:large, max-video-preview:-1\" \/>\n<link rel=\"canonical\" href=\"https:\/\/genoneeleven.com\/es\/producto\/fertilizante-vegetal-totalmente-basico\/\" \/>\n<meta property=\"og:locale\" content=\"es_ES\" \/>\n<meta property=\"og:type\" content=\"article\" \/>\n<meta property=\"og:title\" content=\"Wholly Base - Genoneeleven\" \/>\n<meta property=\"og:description\" content=\"Wholly Base De basis plantenvoeding voor iedere kweker. Alle basis elementen die je planten voeden voor het beste resultaat\" \/>\n<meta property=\"og:url\" content=\"https:\/\/genoneeleven.com\/es\/producto\/fertilizante-vegetal-totalmente-basico\/\" \/>\n<meta property=\"og:site_name\" content=\"Genoneeleven\" \/>\n<meta property=\"article:publisher\" content=\"https:\/\/www.facebook.com\/Genoneeleven-109249901222510\/\" \/>\n<meta property=\"article:modified_time\" content=\"2024-02-09T10:48:47+00:00\" \/>\n<meta property=\"og:image\" content=\"https:\/\/genoneeleven.com\/wp-content\/uploads\/2021\/03\/Wholly-Base-1-Liter.png\" \/>\n\t<meta property=\"og:image:width\" content=\"300\" \/>\n\t<meta property=\"og:image:height\" content=\"599\" \/>\n\t<meta property=\"og:image:type\" content=\"image\/png\" \/>\n<meta name=\"twitter:card\" content=\"summary_large_image\" \/>\n<meta name=\"twitter:site\" content=\"@Genoneeleven_nl\" \/>\n<meta name=\"twitter:label1\" content=\"Tiempo de lectura\" \/>\n\t<meta name=\"twitter:data1\" content=\"1 minuto\" \/>\n<script type=\"application\/ld+json\" class=\"yoast-schema-graph\">{\"@context\":\"https:\/\/schema.org\",\"@graph\":[{\"@type\":\"WebPage\",\"@id\":\"https:\/\/genoneeleven.com\/product\/wholly-base-de-basis-plantenvoeding\/\",\"url\":\"https:\/\/genoneeleven.com\/product\/wholly-base-de-basis-plantenvoeding\/\",\"name\":\"Wholly Base - Genoneeleven\",\"isPartOf\":{\"@id\":\"https:\/\/genoneeleven.com\/#website\"},\"primaryImageOfPage\":{\"@id\":\"https:\/\/genoneeleven.com\/product\/wholly-base-de-basis-plantenvoeding\/#primaryimage\"},\"image\":{\"@id\":\"https:\/\/genoneeleven.com\/product\/wholly-base-de-basis-plantenvoeding\/#primaryimage\"},\"thumbnailUrl\":\"https:\/\/genoneeleven.com\/wp-content\/uploads\/2021\/03\/Wholly-Base-1-Liter.png\",\"datePublished\":\"2021-03-29T20:04:23+00:00\",\"dateModified\":\"2024-02-09T10:48:47+00:00\",\"description\":\"Wholly Base De basis plantenvoeding voor iedere kweker. Alle basis elementen die je planten voeden voor het beste resultaat\",\"breadcrumb\":{\"@id\":\"https:\/\/genoneeleven.com\/product\/wholly-base-de-basis-plantenvoeding\/#breadcrumb\"},\"inLanguage\":\"es\",\"potentialAction\":[{\"@type\":\"ReadAction\",\"target\":[\"https:\/\/genoneeleven.com\/product\/wholly-base-de-basis-plantenvoeding\/\"]}]},{\"@type\":\"ImageObject\",\"inLanguage\":\"es\",\"@id\":\"https:\/\/genoneeleven.com\/product\/wholly-base-de-basis-plantenvoeding\/#primaryimage\",\"url\":\"https:\/\/genoneeleven.com\/wp-content\/uploads\/2021\/03\/Wholly-Base-1-Liter.png\",\"contentUrl\":\"https:\/\/genoneeleven.com\/wp-content\/uploads\/2021\/03\/Wholly-Base-1-Liter.png\",\"width\":300,\"height\":599,\"caption\":\"Gen1:11 premium Brand plantenvoeding. De meest complete basis voor iedere groei en bloei\"},{\"@type\":\"BreadcrumbList\",\"@id\":\"https:\/\/genoneeleven.com\/product\/wholly-base-de-basis-plantenvoeding\/#breadcrumb\",\"itemListElement\":[{\"@type\":\"ListItem\",\"position\":1,\"name\":\"Home\",\"item\":\"https:\/\/genoneeleven.com\/\"},{\"@type\":\"ListItem\",\"position\":2,\"name\":\"Winkel\",\"item\":\"http:\/\/genoneeleven.com\/es\/bestel-plantenvoeding-planten-kweken-met-de-beste-voeding\/\"},{\"@type\":\"ListItem\",\"position\":3,\"name\":\"Wholly Base\"}]},{\"@type\":\"WebSite\",\"@id\":\"https:\/\/genoneeleven.com\/#website\",\"url\":\"https:\/\/genoneeleven.com\/\",\"name\":\"Gen1:11 Nutrients\",\"description\":\"See that it is good\",\"publisher\":{\"@id\":\"https:\/\/genoneeleven.com\/#organization\"},\"potentialAction\":[{\"@type\":\"SearchAction\",\"target\":{\"@type\":\"EntryPoint\",\"urlTemplate\":\"https:\/\/genoneeleven.com\/?s={search_term_string}\"},\"query-input\":{\"@type\":\"PropertyValueSpecification\",\"valueRequired\":true,\"valueName\":\"search_term_string\"}}],\"inLanguage\":\"es\"},{\"@type\":\"Organization\",\"@id\":\"https:\/\/genoneeleven.com\/#organization\",\"name\":\"Gen1:11\",\"url\":\"https:\/\/genoneeleven.com\/\",\"logo\":{\"@type\":\"ImageObject\",\"inLanguage\":\"es\",\"@id\":\"https:\/\/genoneeleven.com\/#\/schema\/logo\/image\/\",\"url\":\"https:\/\/genoneeleven.com\/wp-content\/uploads\/2021\/04\/Homepage-slider-Logo.png\",\"contentUrl\":\"https:\/\/genoneeleven.com\/wp-content\/uploads\/2021\/04\/Homepage-slider-Logo.png\",\"width\":844,\"height\":296,\"caption\":\"Gen1:11\"},\"image\":{\"@id\":\"https:\/\/genoneeleven.com\/#\/schema\/logo\/image\/\"},\"sameAs\":[\"https:\/\/www.facebook.com\/Genoneeleven-109249901222510\/\",\"https:\/\/x.com\/Genoneeleven_nl\",\"https:\/\/www.instagram.com\/genoneeleven_nutrients\/\",\"https:\/\/www.linkedin.com\/in\/marco-holsheimer-40a3a629\/\",\"https:\/\/www.youtube.com\/channel\/UCjCuqj65Q8PkNby433RU_dQ\"]}]}<\/script>\n<!-- \/ Yoast SEO plugin. -->","yoast_head_json":{"title":"Wholly Base - Genoneeleven","description":"Wholly Base De basis plantenvoeding voor iedere kweker. Alle basis elementen die je planten voeden voor het beste resultaat","robots":{"index":"index","follow":"follow","max-snippet":"max-snippet:-1","max-image-preview":"max-image-preview:large","max-video-preview":"max-video-preview:-1"},"canonical":"https:\/\/genoneeleven.com\/es\/producto\/fertilizante-vegetal-totalmente-basico\/","og_locale":"es_ES","og_type":"article","og_title":"Wholly Base - Genoneeleven","og_description":"Wholly Base De basis plantenvoeding voor iedere kweker. Alle basis elementen die je planten voeden voor het beste resultaat","og_url":"https:\/\/genoneeleven.com\/es\/producto\/fertilizante-vegetal-totalmente-basico\/","og_site_name":"Genoneeleven","article_publisher":"https:\/\/www.facebook.com\/Genoneeleven-109249901222510\/","article_modified_time":"2024-02-09T10:48:47+00:00","og_image":[{"width":300,"height":599,"url":"https:\/\/genoneeleven.com\/wp-content\/uploads\/2021\/03\/Wholly-Base-1-Liter.png","type":"image\/png"}],"twitter_card":"summary_large_image","twitter_site":"@Genoneeleven_nl","twitter_misc":{"Tiempo de lectura":"1 minuto"},"schema":{"@context":"https:\/\/schema.org","@graph":[{"@type":"WebPage","@id":"https:\/\/genoneeleven.com\/product\/wholly-base-de-basis-plantenvoeding\/","url":"https:\/\/genoneeleven.com\/product\/wholly-base-de-basis-plantenvoeding\/","name":"Wholly Base - Genoneeleven","isPartOf":{"@id":"https:\/\/genoneeleven.com\/#website"},"primaryImageOfPage":{"@id":"https:\/\/genoneeleven.com\/product\/wholly-base-de-basis-plantenvoeding\/#primaryimage"},"image":{"@id":"https:\/\/genoneeleven.com\/product\/wholly-base-de-basis-plantenvoeding\/#primaryimage"},"thumbnailUrl":"https:\/\/genoneeleven.com\/wp-content\/uploads\/2021\/03\/Wholly-Base-1-Liter.png","datePublished":"2021-03-29T20:04:23+00:00","dateModified":"2024-02-09T10:48:47+00:00","description":"Wholly Base De basis plantenvoeding voor iedere kweker. Alle basis elementen die je planten voeden voor het beste resultaat","breadcrumb":{"@id":"https:\/\/genoneeleven.com\/product\/wholly-base-de-basis-plantenvoeding\/#breadcrumb"},"inLanguage":"es","potentialAction":[{"@type":"ReadAction","target":["https:\/\/genoneeleven.com\/product\/wholly-base-de-basis-plantenvoeding\/"]}]},{"@type":"ImageObject","inLanguage":"es","@id":"https:\/\/genoneeleven.com\/product\/wholly-base-de-basis-plantenvoeding\/#primaryimage","url":"https:\/\/genoneeleven.com\/wp-content\/uploads\/2021\/03\/Wholly-Base-1-Liter.png","contentUrl":"https:\/\/genoneeleven.com\/wp-content\/uploads\/2021\/03\/Wholly-Base-1-Liter.png","width":300,"height":599,"caption":"Gen1:11 premium Brand plantenvoeding. De meest complete basis voor iedere groei en bloei"},{"@type":"BreadcrumbList","@id":"https:\/\/genoneeleven.com\/product\/wholly-base-de-basis-plantenvoeding\/#breadcrumb","itemListElement":[{"@type":"ListItem","position":1,"name":"Home","item":"https:\/\/genoneeleven.com\/"},{"@type":"ListItem","position":2,"name":"Winkel","item":"http:\/\/genoneeleven.com\/es\/bestel-plantenvoeding-planten-kweken-met-de-beste-voeding\/"},{"@type":"ListItem","position":3,"name":"Wholly Base"}]},{"@type":"WebSite","@id":"https:\/\/genoneeleven.com\/#website","url":"https:\/\/genoneeleven.com\/","name":"Gen1:11 Nutrients","description":"See that it is good","publisher":{"@id":"https:\/\/genoneeleven.com\/#organization"},"potentialAction":[{"@type":"SearchAction","target":{"@type":"EntryPoint","urlTemplate":"https:\/\/genoneeleven.com\/?s={search_term_string}"},"query-input":{"@type":"PropertyValueSpecification","valueRequired":true,"valueName":"search_term_string"}}],"inLanguage":"es"},{"@type":"Organization","@id":"https:\/\/genoneeleven.com\/#organization","name":"Gen1:11","url":"https:\/\/genoneeleven.com\/","logo":{"@type":"ImageObject","inLanguage":"es","@id":"https:\/\/genoneeleven.com\/#\/schema\/logo\/image\/","url":"https:\/\/genoneeleven.com\/wp-content\/uploads\/2021\/04\/Homepage-slider-Logo.png","contentUrl":"https:\/\/genoneeleven.com\/wp-content\/uploads\/2021\/04\/Homepage-slider-Logo.png","width":844,"height":296,"caption":"Gen1:11"},"image":{"@id":"https:\/\/genoneeleven.com\/#\/schema\/logo\/image\/"},"sameAs":["https:\/\/www.facebook.com\/Genoneeleven-109249901222510\/","https:\/\/x.com\/Genoneeleven_nl","https:\/\/www.instagram.com\/genoneeleven_nutrients\/","https:\/\/www.linkedin.com\/in\/marco-holsheimer-40a3a629\/","https:\/\/www.youtube.com\/channel\/UCjCuqj65Q8PkNby433RU_dQ"]}]}},"_links":{"self":[{"href":"https:\/\/genoneeleven.com\/es\/wp-json\/wp\/v2\/product\/346","targetHints":{"allow":["GET"]}}],"collection":[{"href":"https:\/\/genoneeleven.com\/es\/wp-json\/wp\/v2\/product"}],"about":[{"href":"https:\/\/genoneeleven.com\/es\/wp-json\/wp\/v2\/types\/product"}],"version-history":[{"count":9,"href":"https:\/\/genoneeleven.com\/es\/wp-json\/wp\/v2\/product\/346\/revisions"}],"predecessor-version":[{"id":3263,"href":"https:\/\/genoneeleven.com\/es\/wp-json\/wp\/v2\/product\/346\/revisions\/3263"}],"wp:featuredmedia":[{"embeddable":true,"href":"https:\/\/genoneeleven.com\/es\/wp-json\/wp\/v2\/media\/4823"}],"wp:attachment":[{"href":"https:\/\/genoneeleven.com\/es\/wp-json\/wp\/v2\/media?parent=346"}],"wp:term":[{"taxonomy":"product_brand","embeddable":true,"href":"https:\/\/genoneeleven.com\/es\/wp-json\/wp\/v2\/product_brand?post=346"},{"taxonomy":"product_cat","embeddable":true,"href":"https:\/\/genoneeleven.com\/es\/wp-json\/wp\/v2\/product_cat?post=346"},{"taxonomy":"product_tag","embeddable":true,"href":"https:\/\/genoneeleven.com\/es\/wp-json\/wp\/v2\/product_tag?post=346"}],"curies":[{"name":"wp","href":"https:\/\/api.w.org\/{rel}","templated":true}]}}