{"id":396,"date":"2021-03-29T21:33:09","date_gmt":"2021-03-29T21:33:09","guid":{"rendered":"https:\/\/genoneeleven.com\/?post_type=product&#038;p=396"},"modified":"2024-02-09T10:48:44","modified_gmt":"2024-02-09T10:48:44","slug":"bloombooster-boost-de-bloei-en-rijpt-bloemen-en-vruchten","status":"publish","type":"product","link":"https:\/\/genoneeleven.com\/de\/produkt\/bloombooster-boost-bluhende-und-reifende-bluten-und-fruchte\/","title":{"rendered":"Bloom Big"},"content":{"rendered":"<p>N-P-K 0-7-7<\/p>\n<p>(P2O5) Phosphorus pentoxide: 6,5%<br \/>\n(K2O) Potassium oxide: 6,5%<\/p>\n<p>Medicago Sativa extract<br \/>\nMineral Clay<\/p>\n<p>Im geschlossenen Beh\u00e4lter an einem k\u00fchlen und dunklen Ort lagern. 7- 30\u00b0C.<br \/>\nVor Gebrauch sch\u00fctteln<\/p>\n<p>&nbsp;<\/p>","protected":false},"excerpt":{"rendered":"<h3>Grow big, grow hard &amp; grow dense<\/h3>\n<p>Gen1:11 Gro\u00dfes Bl\u00fchen - Sie befinden sich jetzt in dem Stadium, in dem die Knospen, die Sie erhalten haben, bl\u00fchen und reifen werden. Der Mix aus Makroelementen und organischen Zus\u00e4tzen schickt die ganze Energie dorthin, wo Sie sie in der letzten Phase der Bl\u00fcte haben wollen. Begleiten Sie Ihre Kreation in der letzten Phase mit den richtigen N\u00e4hrstoffen. F\u00f6rdern Sie die Bl\u00fcte und lassen Sie Ihre Blumen und Fr\u00fcchte reifen. Bloom big, bloom hard mit Gen1:11 Bloom Big.<\/p>\n<p>Gen1:11 Bloom Big fait partie de la gamme d'engrais min\u00e9raux Gen1:11 Organo. Peut \u00eatre utilis\u00e9 avec Soil, Cocos et Hydro.<\/p>\n<p>&nbsp;<\/p>","protected":false},"featured_media":4816,"template":"","meta":[],"product_brand":[],"product_cat":[15,94,86,81],"product_tag":[54,39,29,27,53],"class_list":{"0":"post-396","1":"product","2":"type-product","3":"status-publish","4":"has-post-thumbnail","6":"product_cat-organo-minerale-meststoffen","7":"product_cat-alle-meststoffen","8":"product_cat-gen111-standaard-voedingslijn","9":"product_cat-vloeibare-meststoffen","10":"product_tag-beste-plantenvoeding-voor-indoor-kweken-met-organominerale-biostimulanten","11":"product_tag-bloombooster","12":"product_tag-plagron","13":"product_tag-plantenvoeding","14":"product_tag-voeding-opbrengst","16":"first","17":"instock","18":"taxable","19":"shipping-taxable","20":"purchasable","21":"product-type-variable","22":"has-default-attributes"},"yoast_head":"<!-- This site is optimized with the Yoast SEO plugin v24.3 - https:\/\/yoast.com\/wordpress\/plugins\/seo\/ -->\n<title>Bloom Big - Genoneeleven Bloombooster voor grotere en hardere bloemen<\/title>\n<meta name=\"description\" content=\"Gen1:11 Bloom Big Bloombooster. Boost de bloei en rijp je bloemen en vruchten. Bloei groot, bloei hard met Gen1:11. The best nutrients\" \/>\n<meta name=\"robots\" content=\"index, follow, max-snippet:-1, max-image-preview:large, max-video-preview:-1\" \/>\n<link rel=\"canonical\" href=\"https:\/\/genoneeleven.com\/de\/produkt\/bloombooster-boost-bluhende-und-reifende-bluten-und-fruchte\/\" \/>\n<meta property=\"og:locale\" content=\"de_DE\" \/>\n<meta property=\"og:type\" content=\"article\" \/>\n<meta property=\"og:title\" content=\"Bloom Big - Genoneeleven Bloombooster voor grotere en hardere bloemen\" \/>\n<meta property=\"og:description\" content=\"Gen1:11 Bloom Big Bloombooster. Boost de bloei en rijp je bloemen en vruchten. Bloei groot, bloei hard met Gen1:11. The best nutrients\" \/>\n<meta property=\"og:url\" content=\"https:\/\/genoneeleven.com\/de\/produkt\/bloombooster-boost-bluhende-und-reifende-bluten-und-fruchte\/\" \/>\n<meta property=\"og:site_name\" content=\"Genoneeleven\" \/>\n<meta property=\"article:publisher\" content=\"https:\/\/www.facebook.com\/Genoneeleven-109249901222510\/\" \/>\n<meta property=\"article:modified_time\" content=\"2024-02-09T10:48:44+00:00\" \/>\n<meta property=\"og:image\" content=\"https:\/\/genoneeleven.com\/wp-content\/uploads\/2021\/03\/Bloom-Big-1-Liter.png\" \/>\n\t<meta property=\"og:image:width\" content=\"300\" \/>\n\t<meta property=\"og:image:height\" content=\"599\" \/>\n\t<meta property=\"og:image:type\" content=\"image\/png\" \/>\n<meta name=\"twitter:card\" content=\"summary_large_image\" \/>\n<meta name=\"twitter:site\" content=\"@Genoneeleven_nl\" \/>\n<meta name=\"twitter:label1\" content=\"Gesch\u00e4tzte Lesezeit\" \/>\n\t<meta name=\"twitter:data1\" content=\"1\u00a0Minute\" \/>\n<script type=\"application\/ld+json\" class=\"yoast-schema-graph\">{\"@context\":\"https:\/\/schema.org\",\"@graph\":[{\"@type\":\"WebPage\",\"@id\":\"https:\/\/genoneeleven.com\/product\/bloombooster-boost-de-bloei-en-rijpt-bloemen-en-vruchten\/\",\"url\":\"https:\/\/genoneeleven.com\/product\/bloombooster-boost-de-bloei-en-rijpt-bloemen-en-vruchten\/\",\"name\":\"Bloom Big - Genoneeleven Bloombooster voor grotere en hardere bloemen\",\"isPartOf\":{\"@id\":\"https:\/\/genoneeleven.com\/#website\"},\"primaryImageOfPage\":{\"@id\":\"https:\/\/genoneeleven.com\/product\/bloombooster-boost-de-bloei-en-rijpt-bloemen-en-vruchten\/#primaryimage\"},\"image\":{\"@id\":\"https:\/\/genoneeleven.com\/product\/bloombooster-boost-de-bloei-en-rijpt-bloemen-en-vruchten\/#primaryimage\"},\"thumbnailUrl\":\"https:\/\/genoneeleven.com\/wp-content\/uploads\/2021\/03\/Bloom-Big-1-Liter.png\",\"datePublished\":\"2021-03-29T21:33:09+00:00\",\"dateModified\":\"2024-02-09T10:48:44+00:00\",\"description\":\"Gen1:11 Bloom Big Bloombooster. Boost de bloei en rijp je bloemen en vruchten. Bloei groot, bloei hard met Gen1:11. The best nutrients\",\"breadcrumb\":{\"@id\":\"https:\/\/genoneeleven.com\/product\/bloombooster-boost-de-bloei-en-rijpt-bloemen-en-vruchten\/#breadcrumb\"},\"inLanguage\":\"de\",\"potentialAction\":[{\"@type\":\"ReadAction\",\"target\":[\"https:\/\/genoneeleven.com\/product\/bloombooster-boost-de-bloei-en-rijpt-bloemen-en-vruchten\/\"]}]},{\"@type\":\"ImageObject\",\"inLanguage\":\"de\",\"@id\":\"https:\/\/genoneeleven.com\/product\/bloombooster-boost-de-bloei-en-rijpt-bloemen-en-vruchten\/#primaryimage\",\"url\":\"https:\/\/genoneeleven.com\/wp-content\/uploads\/2021\/03\/Bloom-Big-1-Liter.png\",\"contentUrl\":\"https:\/\/genoneeleven.com\/wp-content\/uploads\/2021\/03\/Bloom-Big-1-Liter.png\",\"width\":300,\"height\":599,\"caption\":\"Gen1:11 Bloom Big. Verhoogd het drooggewicht\"},{\"@type\":\"BreadcrumbList\",\"@id\":\"https:\/\/genoneeleven.com\/product\/bloombooster-boost-de-bloei-en-rijpt-bloemen-en-vruchten\/#breadcrumb\",\"itemListElement\":[{\"@type\":\"ListItem\",\"position\":1,\"name\":\"Home\",\"item\":\"https:\/\/genoneeleven.com\/\"},{\"@type\":\"ListItem\",\"position\":2,\"name\":\"Winkel\",\"item\":\"http:\/\/genoneeleven.com\/es\/bestel-plantenvoeding-planten-kweken-met-de-beste-voeding\/\"},{\"@type\":\"ListItem\",\"position\":3,\"name\":\"Bloom Big\"}]},{\"@type\":\"WebSite\",\"@id\":\"https:\/\/genoneeleven.com\/#website\",\"url\":\"https:\/\/genoneeleven.com\/\",\"name\":\"Gen1:11 Nutrients\",\"description\":\"See that it is good\",\"publisher\":{\"@id\":\"https:\/\/genoneeleven.com\/#organization\"},\"potentialAction\":[{\"@type\":\"SearchAction\",\"target\":{\"@type\":\"EntryPoint\",\"urlTemplate\":\"https:\/\/genoneeleven.com\/?s={search_term_string}\"},\"query-input\":{\"@type\":\"PropertyValueSpecification\",\"valueRequired\":true,\"valueName\":\"search_term_string\"}}],\"inLanguage\":\"de\"},{\"@type\":\"Organization\",\"@id\":\"https:\/\/genoneeleven.com\/#organization\",\"name\":\"Gen1:11\",\"url\":\"https:\/\/genoneeleven.com\/\",\"logo\":{\"@type\":\"ImageObject\",\"inLanguage\":\"de\",\"@id\":\"https:\/\/genoneeleven.com\/#\/schema\/logo\/image\/\",\"url\":\"https:\/\/genoneeleven.com\/wp-content\/uploads\/2021\/04\/Homepage-slider-Logo.png\",\"contentUrl\":\"https:\/\/genoneeleven.com\/wp-content\/uploads\/2021\/04\/Homepage-slider-Logo.png\",\"width\":844,\"height\":296,\"caption\":\"Gen1:11\"},\"image\":{\"@id\":\"https:\/\/genoneeleven.com\/#\/schema\/logo\/image\/\"},\"sameAs\":[\"https:\/\/www.facebook.com\/Genoneeleven-109249901222510\/\",\"https:\/\/x.com\/Genoneeleven_nl\",\"https:\/\/www.instagram.com\/genoneeleven_nutrients\/\",\"https:\/\/www.linkedin.com\/in\/marco-holsheimer-40a3a629\/\",\"https:\/\/www.youtube.com\/channel\/UCjCuqj65Q8PkNby433RU_dQ\"]}]}<\/script>\n<!-- \/ Yoast SEO plugin. -->","yoast_head_json":{"title":"Bloom Big - Genoneeleven Bloombooster voor grotere en hardere bloemen","description":"Gen1:11 Bloom Big Bloombooster. Boost de bloei en rijp je bloemen en vruchten. Bloei groot, bloei hard met Gen1:11. The best nutrients","robots":{"index":"index","follow":"follow","max-snippet":"max-snippet:-1","max-image-preview":"max-image-preview:large","max-video-preview":"max-video-preview:-1"},"canonical":"https:\/\/genoneeleven.com\/de\/produkt\/bloombooster-boost-bluhende-und-reifende-bluten-und-fruchte\/","og_locale":"de_DE","og_type":"article","og_title":"Bloom Big - Genoneeleven Bloombooster voor grotere en hardere bloemen","og_description":"Gen1:11 Bloom Big Bloombooster. Boost de bloei en rijp je bloemen en vruchten. Bloei groot, bloei hard met Gen1:11. The best nutrients","og_url":"https:\/\/genoneeleven.com\/de\/produkt\/bloombooster-boost-bluhende-und-reifende-bluten-und-fruchte\/","og_site_name":"Genoneeleven","article_publisher":"https:\/\/www.facebook.com\/Genoneeleven-109249901222510\/","article_modified_time":"2024-02-09T10:48:44+00:00","og_image":[{"width":300,"height":599,"url":"https:\/\/genoneeleven.com\/wp-content\/uploads\/2021\/03\/Bloom-Big-1-Liter.png","type":"image\/png"}],"twitter_card":"summary_large_image","twitter_site":"@Genoneeleven_nl","twitter_misc":{"Gesch\u00e4tzte Lesezeit":"1\u00a0Minute"},"schema":{"@context":"https:\/\/schema.org","@graph":[{"@type":"WebPage","@id":"https:\/\/genoneeleven.com\/product\/bloombooster-boost-de-bloei-en-rijpt-bloemen-en-vruchten\/","url":"https:\/\/genoneeleven.com\/product\/bloombooster-boost-de-bloei-en-rijpt-bloemen-en-vruchten\/","name":"Bloom Big - Genoneeleven Bloombooster voor grotere en hardere bloemen","isPartOf":{"@id":"https:\/\/genoneeleven.com\/#website"},"primaryImageOfPage":{"@id":"https:\/\/genoneeleven.com\/product\/bloombooster-boost-de-bloei-en-rijpt-bloemen-en-vruchten\/#primaryimage"},"image":{"@id":"https:\/\/genoneeleven.com\/product\/bloombooster-boost-de-bloei-en-rijpt-bloemen-en-vruchten\/#primaryimage"},"thumbnailUrl":"https:\/\/genoneeleven.com\/wp-content\/uploads\/2021\/03\/Bloom-Big-1-Liter.png","datePublished":"2021-03-29T21:33:09+00:00","dateModified":"2024-02-09T10:48:44+00:00","description":"Gen1:11 Bloom Big Bloombooster. Boost de bloei en rijp je bloemen en vruchten. Bloei groot, bloei hard met Gen1:11. The best nutrients","breadcrumb":{"@id":"https:\/\/genoneeleven.com\/product\/bloombooster-boost-de-bloei-en-rijpt-bloemen-en-vruchten\/#breadcrumb"},"inLanguage":"de","potentialAction":[{"@type":"ReadAction","target":["https:\/\/genoneeleven.com\/product\/bloombooster-boost-de-bloei-en-rijpt-bloemen-en-vruchten\/"]}]},{"@type":"ImageObject","inLanguage":"de","@id":"https:\/\/genoneeleven.com\/product\/bloombooster-boost-de-bloei-en-rijpt-bloemen-en-vruchten\/#primaryimage","url":"https:\/\/genoneeleven.com\/wp-content\/uploads\/2021\/03\/Bloom-Big-1-Liter.png","contentUrl":"https:\/\/genoneeleven.com\/wp-content\/uploads\/2021\/03\/Bloom-Big-1-Liter.png","width":300,"height":599,"caption":"Gen1:11 Bloom Big. Verhoogd het drooggewicht"},{"@type":"BreadcrumbList","@id":"https:\/\/genoneeleven.com\/product\/bloombooster-boost-de-bloei-en-rijpt-bloemen-en-vruchten\/#breadcrumb","itemListElement":[{"@type":"ListItem","position":1,"name":"Home","item":"https:\/\/genoneeleven.com\/"},{"@type":"ListItem","position":2,"name":"Winkel","item":"http:\/\/genoneeleven.com\/es\/bestel-plantenvoeding-planten-kweken-met-de-beste-voeding\/"},{"@type":"ListItem","position":3,"name":"Bloom Big"}]},{"@type":"WebSite","@id":"https:\/\/genoneeleven.com\/#website","url":"https:\/\/genoneeleven.com\/","name":"Gen1:11 Nutrients","description":"See that it is good","publisher":{"@id":"https:\/\/genoneeleven.com\/#organization"},"potentialAction":[{"@type":"SearchAction","target":{"@type":"EntryPoint","urlTemplate":"https:\/\/genoneeleven.com\/?s={search_term_string}"},"query-input":{"@type":"PropertyValueSpecification","valueRequired":true,"valueName":"search_term_string"}}],"inLanguage":"de"},{"@type":"Organization","@id":"https:\/\/genoneeleven.com\/#organization","name":"Gen1:11","url":"https:\/\/genoneeleven.com\/","logo":{"@type":"ImageObject","inLanguage":"de","@id":"https:\/\/genoneeleven.com\/#\/schema\/logo\/image\/","url":"https:\/\/genoneeleven.com\/wp-content\/uploads\/2021\/04\/Homepage-slider-Logo.png","contentUrl":"https:\/\/genoneeleven.com\/wp-content\/uploads\/2021\/04\/Homepage-slider-Logo.png","width":844,"height":296,"caption":"Gen1:11"},"image":{"@id":"https:\/\/genoneeleven.com\/#\/schema\/logo\/image\/"},"sameAs":["https:\/\/www.facebook.com\/Genoneeleven-109249901222510\/","https:\/\/x.com\/Genoneeleven_nl","https:\/\/www.instagram.com\/genoneeleven_nutrients\/","https:\/\/www.linkedin.com\/in\/marco-holsheimer-40a3a629\/","https:\/\/www.youtube.com\/channel\/UCjCuqj65Q8PkNby433RU_dQ"]}]}},"_links":{"self":[{"href":"https:\/\/genoneeleven.com\/de\/wp-json\/wp\/v2\/product\/396","targetHints":{"allow":["GET"]}}],"collection":[{"href":"https:\/\/genoneeleven.com\/de\/wp-json\/wp\/v2\/product"}],"about":[{"href":"https:\/\/genoneeleven.com\/de\/wp-json\/wp\/v2\/types\/product"}],"version-history":[{"count":5,"href":"https:\/\/genoneeleven.com\/de\/wp-json\/wp\/v2\/product\/396\/revisions"}],"predecessor-version":[{"id":402,"href":"https:\/\/genoneeleven.com\/de\/wp-json\/wp\/v2\/product\/396\/revisions\/402"}],"wp:featuredmedia":[{"embeddable":true,"href":"https:\/\/genoneeleven.com\/de\/wp-json\/wp\/v2\/media\/4816"}],"wp:attachment":[{"href":"https:\/\/genoneeleven.com\/de\/wp-json\/wp\/v2\/media?parent=396"}],"wp:term":[{"taxonomy":"product_brand","embeddable":true,"href":"https:\/\/genoneeleven.com\/de\/wp-json\/wp\/v2\/product_brand?post=396"},{"taxonomy":"product_cat","embeddable":true,"href":"https:\/\/genoneeleven.com\/de\/wp-json\/wp\/v2\/product_cat?post=396"},{"taxonomy":"product_tag","embeddable":true,"href":"https:\/\/genoneeleven.com\/de\/wp-json\/wp\/v2\/product_tag?post=396"}],"curies":[{"name":"wp","href":"https:\/\/api.w.org\/{rel}","templated":true}]}}