{"id":3388,"date":"2021-06-22T20:01:25","date_gmt":"2021-06-22T20:01:25","guid":{"rendered":"https:\/\/genoneeleven.com\/?post_type=product&#038;p=3388"},"modified":"2024-02-24T09:46:48","modified_gmt":"2024-02-24T09:46:48","slug":"complete-starter-kit-voor-een-succesvolle-grow","status":"publish","type":"product","link":"https:\/\/genoneeleven.com\/de\/produkt\/komplettes-starter-kit-fur-ein-erfolgreiches-wachstum\/","title":{"rendered":"Starter Kit &#8211; Small"},"content":{"rendered":"<p>Complete Starter Kit &#8211; Klein. Grow-your-own<\/p>\n<p>250ml Rise Up \u2013 Wurzelstimulator und Wachstumsf\u00f6rderer mit organischem Silizium.<\/p>\n<p>500ml Wholly Base \u2013 Die Grundlage f\u00fcr jede Wachstums- und Bl\u00fctezeit.<\/p>\n<p>250ml Solid Green \u2013 Wachsen gr\u00fcne, kr\u00e4ftige Pflanzen.<\/p>\n<p>250ml Early Flower \u2013 F\u00f6rdert eine \u00fcppige Bl\u00fcte. Enth\u00e4lt organisches Triacontanol, das die Bl\u00fcte stimuliert.<\/p>\n<p>250ml Bloom Big \u2013 Bloombooster f\u00fcr gro\u00dfe und kompakte Blumen.<\/p>","protected":false},"excerpt":{"rendered":"<p>Komplettes Starterkit - klein<\/p>","protected":false},"featured_media":6172,"template":"","meta":[],"product_brand":[],"product_cat":[15,94,80,86,81],"product_tag":[124,47,48,37,50,49],"class_list":{"0":"post-3388","1":"product","2":"type-product","3":"status-publish","4":"has-post-thumbnail","6":"product_cat-organo-minerale-meststoffen","7":"product_cat-alle-meststoffen","8":"product_cat-samengestelde-meststoffen-kits","9":"product_cat-gen111-standaard-voedingslijn","10":"product_cat-vloeibare-meststoffen","11":"product_tag-cannabis-voeding","12":"product_tag-fertilizer","13":"product_tag-meststoffen","14":"product_tag-nutrients","15":"product_tag-starter-set","16":"product_tag-starterkit","18":"first","19":"instock","20":"taxable","21":"shipping-taxable","22":"purchasable","23":"product-type-simple"},"yoast_head":"<!-- This site is optimized with the Yoast SEO plugin v24.3 - https:\/\/yoast.com\/wordpress\/plugins\/seo\/ -->\n<title>Starter Kit - Small - Genoneeleven<\/title>\n<meta name=\"description\" content=\"Complete starterkit. Alles wat je nodig heb om een succesvolle grow-your-own ervaring te verwezenlijken. Uniek formule. Succes verzekerd.\" \/>\n<meta name=\"robots\" content=\"index, follow, max-snippet:-1, max-image-preview:large, max-video-preview:-1\" \/>\n<link rel=\"canonical\" href=\"https:\/\/genoneeleven.com\/de\/produkt\/komplettes-starter-kit-fur-ein-erfolgreiches-wachstum\/\" \/>\n<meta property=\"og:locale\" content=\"de_DE\" \/>\n<meta property=\"og:type\" content=\"article\" \/>\n<meta property=\"og:title\" content=\"Starter Kit - Small - Genoneeleven\" \/>\n<meta property=\"og:description\" content=\"Complete starterkit. Alles wat je nodig heb om een succesvolle grow-your-own ervaring te verwezenlijken. Uniek formule. Succes verzekerd.\" \/>\n<meta property=\"og:url\" content=\"https:\/\/genoneeleven.com\/de\/produkt\/komplettes-starter-kit-fur-ein-erfolgreiches-wachstum\/\" \/>\n<meta property=\"og:site_name\" content=\"Genoneeleven\" \/>\n<meta property=\"article:publisher\" content=\"https:\/\/www.facebook.com\/Genoneeleven-109249901222510\/\" \/>\n<meta property=\"article:modified_time\" content=\"2024-02-24T09:46:48+00:00\" \/>\n<meta property=\"og:image\" content=\"https:\/\/genoneeleven.com\/wp-content\/uploads\/2021\/06\/Sarterkit-small.png\" \/>\n\t<meta property=\"og:image:width\" content=\"500\" \/>\n\t<meta property=\"og:image:height\" content=\"408\" \/>\n\t<meta property=\"og:image:type\" content=\"image\/png\" \/>\n<meta name=\"twitter:card\" content=\"summary_large_image\" \/>\n<meta name=\"twitter:site\" content=\"@Genoneeleven_nl\" \/>\n<meta name=\"twitter:label1\" content=\"Gesch\u00e4tzte Lesezeit\" \/>\n\t<meta name=\"twitter:data1\" content=\"1\u00a0Minute\" \/>\n<script type=\"application\/ld+json\" class=\"yoast-schema-graph\">{\"@context\":\"https:\/\/schema.org\",\"@graph\":[{\"@type\":\"WebPage\",\"@id\":\"https:\/\/genoneeleven.com\/product\/complete-starter-kit-voor-een-succesvolle-grow\/\",\"url\":\"https:\/\/genoneeleven.com\/product\/complete-starter-kit-voor-een-succesvolle-grow\/\",\"name\":\"Starter Kit - Small - Genoneeleven\",\"isPartOf\":{\"@id\":\"https:\/\/genoneeleven.com\/#website\"},\"primaryImageOfPage\":{\"@id\":\"https:\/\/genoneeleven.com\/product\/complete-starter-kit-voor-een-succesvolle-grow\/#primaryimage\"},\"image\":{\"@id\":\"https:\/\/genoneeleven.com\/product\/complete-starter-kit-voor-een-succesvolle-grow\/#primaryimage\"},\"thumbnailUrl\":\"https:\/\/genoneeleven.com\/wp-content\/uploads\/2021\/06\/Sarterkit-small.png\",\"datePublished\":\"2021-06-22T20:01:25+00:00\",\"dateModified\":\"2024-02-24T09:46:48+00:00\",\"description\":\"Complete starterkit. Alles wat je nodig heb om een succesvolle grow-your-own ervaring te verwezenlijken. Uniek formule. Succes verzekerd.\",\"breadcrumb\":{\"@id\":\"https:\/\/genoneeleven.com\/product\/complete-starter-kit-voor-een-succesvolle-grow\/#breadcrumb\"},\"inLanguage\":\"de\",\"potentialAction\":[{\"@type\":\"ReadAction\",\"target\":[\"https:\/\/genoneeleven.com\/product\/complete-starter-kit-voor-een-succesvolle-grow\/\"]}]},{\"@type\":\"ImageObject\",\"inLanguage\":\"de\",\"@id\":\"https:\/\/genoneeleven.com\/product\/complete-starter-kit-voor-een-succesvolle-grow\/#primaryimage\",\"url\":\"https:\/\/genoneeleven.com\/wp-content\/uploads\/2021\/06\/Sarterkit-small.png\",\"contentUrl\":\"https:\/\/genoneeleven.com\/wp-content\/uploads\/2021\/06\/Sarterkit-small.png\",\"width\":500,\"height\":408,\"caption\":\"Medicinale Cannabis groeien met biostimulanten\"},{\"@type\":\"BreadcrumbList\",\"@id\":\"https:\/\/genoneeleven.com\/product\/complete-starter-kit-voor-een-succesvolle-grow\/#breadcrumb\",\"itemListElement\":[{\"@type\":\"ListItem\",\"position\":1,\"name\":\"Home\",\"item\":\"https:\/\/genoneeleven.com\/\"},{\"@type\":\"ListItem\",\"position\":2,\"name\":\"Winkel\",\"item\":\"http:\/\/genoneeleven.com\/es\/bestel-plantenvoeding-planten-kweken-met-de-beste-voeding\/\"},{\"@type\":\"ListItem\",\"position\":3,\"name\":\"Starter Kit &#8211; Small\"}]},{\"@type\":\"WebSite\",\"@id\":\"https:\/\/genoneeleven.com\/#website\",\"url\":\"https:\/\/genoneeleven.com\/\",\"name\":\"Gen1:11 Nutrients\",\"description\":\"See that it is good\",\"publisher\":{\"@id\":\"https:\/\/genoneeleven.com\/#organization\"},\"potentialAction\":[{\"@type\":\"SearchAction\",\"target\":{\"@type\":\"EntryPoint\",\"urlTemplate\":\"https:\/\/genoneeleven.com\/?s={search_term_string}\"},\"query-input\":{\"@type\":\"PropertyValueSpecification\",\"valueRequired\":true,\"valueName\":\"search_term_string\"}}],\"inLanguage\":\"de\"},{\"@type\":\"Organization\",\"@id\":\"https:\/\/genoneeleven.com\/#organization\",\"name\":\"Gen1:11\",\"url\":\"https:\/\/genoneeleven.com\/\",\"logo\":{\"@type\":\"ImageObject\",\"inLanguage\":\"de\",\"@id\":\"https:\/\/genoneeleven.com\/#\/schema\/logo\/image\/\",\"url\":\"https:\/\/genoneeleven.com\/wp-content\/uploads\/2021\/04\/Homepage-slider-Logo.png\",\"contentUrl\":\"https:\/\/genoneeleven.com\/wp-content\/uploads\/2021\/04\/Homepage-slider-Logo.png\",\"width\":844,\"height\":296,\"caption\":\"Gen1:11\"},\"image\":{\"@id\":\"https:\/\/genoneeleven.com\/#\/schema\/logo\/image\/\"},\"sameAs\":[\"https:\/\/www.facebook.com\/Genoneeleven-109249901222510\/\",\"https:\/\/x.com\/Genoneeleven_nl\",\"https:\/\/www.instagram.com\/genoneeleven_nutrients\/\",\"https:\/\/www.linkedin.com\/in\/marco-holsheimer-40a3a629\/\",\"https:\/\/www.youtube.com\/channel\/UCjCuqj65Q8PkNby433RU_dQ\"]}]}<\/script>\n<!-- \/ Yoast SEO plugin. -->","yoast_head_json":{"title":"Starter Kit - Small - Genoneeleven","description":"Complete starterkit. Alles wat je nodig heb om een succesvolle grow-your-own ervaring te verwezenlijken. Uniek formule. Succes verzekerd.","robots":{"index":"index","follow":"follow","max-snippet":"max-snippet:-1","max-image-preview":"max-image-preview:large","max-video-preview":"max-video-preview:-1"},"canonical":"https:\/\/genoneeleven.com\/de\/produkt\/komplettes-starter-kit-fur-ein-erfolgreiches-wachstum\/","og_locale":"de_DE","og_type":"article","og_title":"Starter Kit - Small - Genoneeleven","og_description":"Complete starterkit. Alles wat je nodig heb om een succesvolle grow-your-own ervaring te verwezenlijken. Uniek formule. Succes verzekerd.","og_url":"https:\/\/genoneeleven.com\/de\/produkt\/komplettes-starter-kit-fur-ein-erfolgreiches-wachstum\/","og_site_name":"Genoneeleven","article_publisher":"https:\/\/www.facebook.com\/Genoneeleven-109249901222510\/","article_modified_time":"2024-02-24T09:46:48+00:00","og_image":[{"width":500,"height":408,"url":"https:\/\/genoneeleven.com\/wp-content\/uploads\/2021\/06\/Sarterkit-small.png","type":"image\/png"}],"twitter_card":"summary_large_image","twitter_site":"@Genoneeleven_nl","twitter_misc":{"Gesch\u00e4tzte Lesezeit":"1\u00a0Minute"},"schema":{"@context":"https:\/\/schema.org","@graph":[{"@type":"WebPage","@id":"https:\/\/genoneeleven.com\/product\/complete-starter-kit-voor-een-succesvolle-grow\/","url":"https:\/\/genoneeleven.com\/product\/complete-starter-kit-voor-een-succesvolle-grow\/","name":"Starter Kit - Small - Genoneeleven","isPartOf":{"@id":"https:\/\/genoneeleven.com\/#website"},"primaryImageOfPage":{"@id":"https:\/\/genoneeleven.com\/product\/complete-starter-kit-voor-een-succesvolle-grow\/#primaryimage"},"image":{"@id":"https:\/\/genoneeleven.com\/product\/complete-starter-kit-voor-een-succesvolle-grow\/#primaryimage"},"thumbnailUrl":"https:\/\/genoneeleven.com\/wp-content\/uploads\/2021\/06\/Sarterkit-small.png","datePublished":"2021-06-22T20:01:25+00:00","dateModified":"2024-02-24T09:46:48+00:00","description":"Complete starterkit. Alles wat je nodig heb om een succesvolle grow-your-own ervaring te verwezenlijken. Uniek formule. Succes verzekerd.","breadcrumb":{"@id":"https:\/\/genoneeleven.com\/product\/complete-starter-kit-voor-een-succesvolle-grow\/#breadcrumb"},"inLanguage":"de","potentialAction":[{"@type":"ReadAction","target":["https:\/\/genoneeleven.com\/product\/complete-starter-kit-voor-een-succesvolle-grow\/"]}]},{"@type":"ImageObject","inLanguage":"de","@id":"https:\/\/genoneeleven.com\/product\/complete-starter-kit-voor-een-succesvolle-grow\/#primaryimage","url":"https:\/\/genoneeleven.com\/wp-content\/uploads\/2021\/06\/Sarterkit-small.png","contentUrl":"https:\/\/genoneeleven.com\/wp-content\/uploads\/2021\/06\/Sarterkit-small.png","width":500,"height":408,"caption":"Medicinale Cannabis groeien met biostimulanten"},{"@type":"BreadcrumbList","@id":"https:\/\/genoneeleven.com\/product\/complete-starter-kit-voor-een-succesvolle-grow\/#breadcrumb","itemListElement":[{"@type":"ListItem","position":1,"name":"Home","item":"https:\/\/genoneeleven.com\/"},{"@type":"ListItem","position":2,"name":"Winkel","item":"http:\/\/genoneeleven.com\/es\/bestel-plantenvoeding-planten-kweken-met-de-beste-voeding\/"},{"@type":"ListItem","position":3,"name":"Starter Kit &#8211; Small"}]},{"@type":"WebSite","@id":"https:\/\/genoneeleven.com\/#website","url":"https:\/\/genoneeleven.com\/","name":"Gen1:11 Nutrients","description":"See that it is good","publisher":{"@id":"https:\/\/genoneeleven.com\/#organization"},"potentialAction":[{"@type":"SearchAction","target":{"@type":"EntryPoint","urlTemplate":"https:\/\/genoneeleven.com\/?s={search_term_string}"},"query-input":{"@type":"PropertyValueSpecification","valueRequired":true,"valueName":"search_term_string"}}],"inLanguage":"de"},{"@type":"Organization","@id":"https:\/\/genoneeleven.com\/#organization","name":"Gen1:11","url":"https:\/\/genoneeleven.com\/","logo":{"@type":"ImageObject","inLanguage":"de","@id":"https:\/\/genoneeleven.com\/#\/schema\/logo\/image\/","url":"https:\/\/genoneeleven.com\/wp-content\/uploads\/2021\/04\/Homepage-slider-Logo.png","contentUrl":"https:\/\/genoneeleven.com\/wp-content\/uploads\/2021\/04\/Homepage-slider-Logo.png","width":844,"height":296,"caption":"Gen1:11"},"image":{"@id":"https:\/\/genoneeleven.com\/#\/schema\/logo\/image\/"},"sameAs":["https:\/\/www.facebook.com\/Genoneeleven-109249901222510\/","https:\/\/x.com\/Genoneeleven_nl","https:\/\/www.instagram.com\/genoneeleven_nutrients\/","https:\/\/www.linkedin.com\/in\/marco-holsheimer-40a3a629\/","https:\/\/www.youtube.com\/channel\/UCjCuqj65Q8PkNby433RU_dQ"]}]}},"_links":{"self":[{"href":"https:\/\/genoneeleven.com\/de\/wp-json\/wp\/v2\/product\/3388","targetHints":{"allow":["GET"]}}],"collection":[{"href":"https:\/\/genoneeleven.com\/de\/wp-json\/wp\/v2\/product"}],"about":[{"href":"https:\/\/genoneeleven.com\/de\/wp-json\/wp\/v2\/types\/product"}],"version-history":[{"count":7,"href":"https:\/\/genoneeleven.com\/de\/wp-json\/wp\/v2\/product\/3388\/revisions"}],"predecessor-version":[{"id":3653,"href":"https:\/\/genoneeleven.com\/de\/wp-json\/wp\/v2\/product\/3388\/revisions\/3653"}],"wp:featuredmedia":[{"embeddable":true,"href":"https:\/\/genoneeleven.com\/de\/wp-json\/wp\/v2\/media\/6172"}],"wp:attachment":[{"href":"https:\/\/genoneeleven.com\/de\/wp-json\/wp\/v2\/media?parent=3388"}],"wp:term":[{"taxonomy":"product_brand","embeddable":true,"href":"https:\/\/genoneeleven.com\/de\/wp-json\/wp\/v2\/product_brand?post=3388"},{"taxonomy":"product_cat","embeddable":true,"href":"https:\/\/genoneeleven.com\/de\/wp-json\/wp\/v2\/product_cat?post=3388"},{"taxonomy":"product_tag","embeddable":true,"href":"https:\/\/genoneeleven.com\/de\/wp-json\/wp\/v2\/product_tag?post=3388"}],"curies":[{"name":"wp","href":"https:\/\/api.w.org\/{rel}","templated":true}]}}