{"id":310,"date":"2021-03-29T17:29:07","date_gmt":"2021-03-29T17:29:07","guid":{"rendered":"https:\/\/genoneeleven.com\/?post_type=product&#038;p=310"},"modified":"2024-02-09T10:48:48","modified_gmt":"2024-02-09T10:48:48","slug":"wortelstimulator-met-organische-auxines-en-silicium","status":"publish","type":"product","link":"https:\/\/genoneeleven.com\/de\/produkt\/rise-up-root-shoot-stimulator-mit-organischem-silizium\/","title":{"rendered":"Rise Up"},"content":{"rendered":"<p>N-P-K\u00a0 4-3-0<\/p>\n<p>(N) Nitrogen Total: 4%<br \/>\n(NH4-N) Ammoniacal-nitrogen : 2,3%<br \/>\n(NO3-N) Nitrate nitrogen: 1,7%<br \/>\n(P2O5) Phosphorus pentoxide: 3,1%<\/p>\n<p>Organische Extraktionen:<\/p>\n<p>Equisetum arvense<br \/>\nSalix alba<br \/>\nAscophyllum nodosum<\/p>\n<p>Im geschlossenen Beh\u00e4lter an einem k\u00fchlen und dunklen Ort lagern. 7- 30\u00b0C.<br \/>\nVor Gebrauch sch\u00fctteln<\/p>\n<p>&nbsp;<\/p>","protected":false},"excerpt":{"rendered":"<h3><span lang=\"EN-GB\">Root &amp; Shoot Stimulator<\/span><\/h3>\n<p>Gen1:11 Rise-up. Alles was Ihre Pflanzen f\u00fcr einen guten Start ben\u00f6tigen. Stickstoff (N) f\u00fcr die Entwicklung der Triebspitzen. Phosphor (P) sowie organisch gewonnene Auxine zur F\u00f6rderung der Wurzelentwicklung. Zus\u00e4tzlich enth\u00e4lt das Produkt Vitamine, Silizium, Mikro-N\u00e4hrstoffe und Aminos\u00e4uren aus pflanzlichen Extrakten zur Steigerung der Leistungsf\u00e4higkeit sowie Gesundheit Ihrer Pflanzen. Ein gesunder Start f\u00fcr eine gesunde Zukunft. Bringen Sie Ihre Sch\u00f6pfung zum Leben Gen1:11 Rise-up.<\/p>\n<p>Rise Up ist Teil der Gen1:11 Organo-mineral Nutrient Linie. Kann mit Soil, Coco und Hydro verwendet werden.<\/p>","protected":false},"featured_media":4820,"template":"","meta":[],"product_brand":[],"product_cat":[15,94,86,81],"product_tag":[26,27,51,41],"class_list":{"0":"post-310","1":"product","2":"type-product","3":"status-publish","4":"has-post-thumbnail","6":"product_cat-organo-minerale-meststoffen","7":"product_cat-alle-meststoffen","8":"product_cat-gen111-standaard-voedingslijn","9":"product_cat-vloeibare-meststoffen","10":"product_tag-organo-mineraal","11":"product_tag-plantenvoeding","12":"product_tag-silicium","13":"product_tag-wortelstimulator","15":"first","16":"instock","17":"taxable","18":"shipping-taxable","19":"purchasable","20":"product-type-variable","21":"has-default-attributes"},"yoast_head":"<!-- This site is optimized with the Yoast SEO plugin v24.3 - https:\/\/yoast.com\/wordpress\/plugins\/seo\/ -->\n<title>Gen1:11 Rise Up Wortelstimulator met organische extracten<\/title>\n<meta name=\"description\" content=\"Wortelstimulator. Fosfor(P) en organische auxines voor de ontwikkeling van de wortels. Stikstof(N) voor de groei van de shoot. met silicium\" \/>\n<meta name=\"robots\" content=\"index, follow, max-snippet:-1, max-image-preview:large, max-video-preview:-1\" \/>\n<link rel=\"canonical\" href=\"https:\/\/genoneeleven.com\/de\/produkt\/rise-up-root-shoot-stimulator-mit-organischem-silizium\/\" \/>\n<meta property=\"og:locale\" content=\"de_DE\" \/>\n<meta property=\"og:type\" content=\"article\" \/>\n<meta property=\"og:title\" content=\"Gen1:11 Rise Up Wortelstimulator met organische extracten\" \/>\n<meta property=\"og:description\" content=\"Wortelstimulator. Fosfor(P) en organische auxines voor de ontwikkeling van de wortels. Stikstof(N) voor de groei van de shoot. met silicium\" \/>\n<meta property=\"og:url\" content=\"https:\/\/genoneeleven.com\/de\/produkt\/rise-up-root-shoot-stimulator-mit-organischem-silizium\/\" \/>\n<meta property=\"og:site_name\" content=\"Genoneeleven\" \/>\n<meta property=\"article:publisher\" content=\"https:\/\/www.facebook.com\/Genoneeleven-109249901222510\/\" \/>\n<meta property=\"article:modified_time\" content=\"2024-02-09T10:48:48+00:00\" \/>\n<meta property=\"og:image\" content=\"https:\/\/genoneeleven.com\/wp-content\/uploads\/2021\/03\/Rise-Up-1-Liter.png\" \/>\n\t<meta property=\"og:image:width\" content=\"300\" \/>\n\t<meta property=\"og:image:height\" content=\"600\" \/>\n\t<meta property=\"og:image:type\" content=\"image\/png\" \/>\n<meta name=\"twitter:card\" content=\"summary_large_image\" \/>\n<meta name=\"twitter:site\" content=\"@Genoneeleven_nl\" \/>\n<meta name=\"twitter:label1\" content=\"Gesch\u00e4tzte Lesezeit\" \/>\n\t<meta name=\"twitter:data1\" content=\"1\u00a0Minute\" \/>\n<script type=\"application\/ld+json\" class=\"yoast-schema-graph\">{\"@context\":\"https:\/\/schema.org\",\"@graph\":[{\"@type\":\"WebPage\",\"@id\":\"https:\/\/genoneeleven.com\/product\/wortelstimulator-met-organische-auxines-en-silicium\/\",\"url\":\"https:\/\/genoneeleven.com\/product\/wortelstimulator-met-organische-auxines-en-silicium\/\",\"name\":\"Gen1:11 Rise Up Wortelstimulator met organische extracten\",\"isPartOf\":{\"@id\":\"https:\/\/genoneeleven.com\/#website\"},\"primaryImageOfPage\":{\"@id\":\"https:\/\/genoneeleven.com\/product\/wortelstimulator-met-organische-auxines-en-silicium\/#primaryimage\"},\"image\":{\"@id\":\"https:\/\/genoneeleven.com\/product\/wortelstimulator-met-organische-auxines-en-silicium\/#primaryimage\"},\"thumbnailUrl\":\"https:\/\/genoneeleven.com\/wp-content\/uploads\/2021\/03\/Rise-Up-1-Liter.png\",\"datePublished\":\"2021-03-29T17:29:07+00:00\",\"dateModified\":\"2024-02-09T10:48:48+00:00\",\"description\":\"Wortelstimulator. Fosfor(P) en organische auxines voor de ontwikkeling van de wortels. Stikstof(N) voor de groei van de shoot. met silicium\",\"breadcrumb\":{\"@id\":\"https:\/\/genoneeleven.com\/product\/wortelstimulator-met-organische-auxines-en-silicium\/#breadcrumb\"},\"inLanguage\":\"de\",\"potentialAction\":[{\"@type\":\"ReadAction\",\"target\":[\"https:\/\/genoneeleven.com\/product\/wortelstimulator-met-organische-auxines-en-silicium\/\"]}]},{\"@type\":\"ImageObject\",\"inLanguage\":\"de\",\"@id\":\"https:\/\/genoneeleven.com\/product\/wortelstimulator-met-organische-auxines-en-silicium\/#primaryimage\",\"url\":\"https:\/\/genoneeleven.com\/wp-content\/uploads\/2021\/03\/Rise-Up-1-Liter.png\",\"contentUrl\":\"https:\/\/genoneeleven.com\/wp-content\/uploads\/2021\/03\/Rise-Up-1-Liter.png\",\"width\":300,\"height\":600,\"caption\":\"Wortelstimulator met organische extracties voor meer wortelgroei en gezondere planten\"},{\"@type\":\"BreadcrumbList\",\"@id\":\"https:\/\/genoneeleven.com\/product\/wortelstimulator-met-organische-auxines-en-silicium\/#breadcrumb\",\"itemListElement\":[{\"@type\":\"ListItem\",\"position\":1,\"name\":\"Home\",\"item\":\"https:\/\/genoneeleven.com\/\"},{\"@type\":\"ListItem\",\"position\":2,\"name\":\"Winkel\",\"item\":\"http:\/\/genoneeleven.com\/es\/bestel-plantenvoeding-planten-kweken-met-de-beste-voeding\/\"},{\"@type\":\"ListItem\",\"position\":3,\"name\":\"Rise Up\"}]},{\"@type\":\"WebSite\",\"@id\":\"https:\/\/genoneeleven.com\/#website\",\"url\":\"https:\/\/genoneeleven.com\/\",\"name\":\"Gen1:11 Nutrients\",\"description\":\"See that it is good\",\"publisher\":{\"@id\":\"https:\/\/genoneeleven.com\/#organization\"},\"potentialAction\":[{\"@type\":\"SearchAction\",\"target\":{\"@type\":\"EntryPoint\",\"urlTemplate\":\"https:\/\/genoneeleven.com\/?s={search_term_string}\"},\"query-input\":{\"@type\":\"PropertyValueSpecification\",\"valueRequired\":true,\"valueName\":\"search_term_string\"}}],\"inLanguage\":\"de\"},{\"@type\":\"Organization\",\"@id\":\"https:\/\/genoneeleven.com\/#organization\",\"name\":\"Gen1:11\",\"url\":\"https:\/\/genoneeleven.com\/\",\"logo\":{\"@type\":\"ImageObject\",\"inLanguage\":\"de\",\"@id\":\"https:\/\/genoneeleven.com\/#\/schema\/logo\/image\/\",\"url\":\"https:\/\/genoneeleven.com\/wp-content\/uploads\/2021\/04\/Homepage-slider-Logo.png\",\"contentUrl\":\"https:\/\/genoneeleven.com\/wp-content\/uploads\/2021\/04\/Homepage-slider-Logo.png\",\"width\":844,\"height\":296,\"caption\":\"Gen1:11\"},\"image\":{\"@id\":\"https:\/\/genoneeleven.com\/#\/schema\/logo\/image\/\"},\"sameAs\":[\"https:\/\/www.facebook.com\/Genoneeleven-109249901222510\/\",\"https:\/\/x.com\/Genoneeleven_nl\",\"https:\/\/www.instagram.com\/genoneeleven_nutrients\/\",\"https:\/\/www.linkedin.com\/in\/marco-holsheimer-40a3a629\/\",\"https:\/\/www.youtube.com\/channel\/UCjCuqj65Q8PkNby433RU_dQ\"]}]}<\/script>\n<!-- \/ Yoast SEO plugin. -->","yoast_head_json":{"title":"Gen1:11 Rise Up Wortelstimulator met organische extracten","description":"Wortelstimulator. Fosfor(P) en organische auxines voor de ontwikkeling van de wortels. Stikstof(N) voor de groei van de shoot. met silicium","robots":{"index":"index","follow":"follow","max-snippet":"max-snippet:-1","max-image-preview":"max-image-preview:large","max-video-preview":"max-video-preview:-1"},"canonical":"https:\/\/genoneeleven.com\/de\/produkt\/rise-up-root-shoot-stimulator-mit-organischem-silizium\/","og_locale":"de_DE","og_type":"article","og_title":"Gen1:11 Rise Up Wortelstimulator met organische extracten","og_description":"Wortelstimulator. Fosfor(P) en organische auxines voor de ontwikkeling van de wortels. Stikstof(N) voor de groei van de shoot. met silicium","og_url":"https:\/\/genoneeleven.com\/de\/produkt\/rise-up-root-shoot-stimulator-mit-organischem-silizium\/","og_site_name":"Genoneeleven","article_publisher":"https:\/\/www.facebook.com\/Genoneeleven-109249901222510\/","article_modified_time":"2024-02-09T10:48:48+00:00","og_image":[{"width":300,"height":600,"url":"https:\/\/genoneeleven.com\/wp-content\/uploads\/2021\/03\/Rise-Up-1-Liter.png","type":"image\/png"}],"twitter_card":"summary_large_image","twitter_site":"@Genoneeleven_nl","twitter_misc":{"Gesch\u00e4tzte Lesezeit":"1\u00a0Minute"},"schema":{"@context":"https:\/\/schema.org","@graph":[{"@type":"WebPage","@id":"https:\/\/genoneeleven.com\/product\/wortelstimulator-met-organische-auxines-en-silicium\/","url":"https:\/\/genoneeleven.com\/product\/wortelstimulator-met-organische-auxines-en-silicium\/","name":"Gen1:11 Rise Up Wortelstimulator met organische extracten","isPartOf":{"@id":"https:\/\/genoneeleven.com\/#website"},"primaryImageOfPage":{"@id":"https:\/\/genoneeleven.com\/product\/wortelstimulator-met-organische-auxines-en-silicium\/#primaryimage"},"image":{"@id":"https:\/\/genoneeleven.com\/product\/wortelstimulator-met-organische-auxines-en-silicium\/#primaryimage"},"thumbnailUrl":"https:\/\/genoneeleven.com\/wp-content\/uploads\/2021\/03\/Rise-Up-1-Liter.png","datePublished":"2021-03-29T17:29:07+00:00","dateModified":"2024-02-09T10:48:48+00:00","description":"Wortelstimulator. Fosfor(P) en organische auxines voor de ontwikkeling van de wortels. Stikstof(N) voor de groei van de shoot. met silicium","breadcrumb":{"@id":"https:\/\/genoneeleven.com\/product\/wortelstimulator-met-organische-auxines-en-silicium\/#breadcrumb"},"inLanguage":"de","potentialAction":[{"@type":"ReadAction","target":["https:\/\/genoneeleven.com\/product\/wortelstimulator-met-organische-auxines-en-silicium\/"]}]},{"@type":"ImageObject","inLanguage":"de","@id":"https:\/\/genoneeleven.com\/product\/wortelstimulator-met-organische-auxines-en-silicium\/#primaryimage","url":"https:\/\/genoneeleven.com\/wp-content\/uploads\/2021\/03\/Rise-Up-1-Liter.png","contentUrl":"https:\/\/genoneeleven.com\/wp-content\/uploads\/2021\/03\/Rise-Up-1-Liter.png","width":300,"height":600,"caption":"Wortelstimulator met organische extracties voor meer wortelgroei en gezondere planten"},{"@type":"BreadcrumbList","@id":"https:\/\/genoneeleven.com\/product\/wortelstimulator-met-organische-auxines-en-silicium\/#breadcrumb","itemListElement":[{"@type":"ListItem","position":1,"name":"Home","item":"https:\/\/genoneeleven.com\/"},{"@type":"ListItem","position":2,"name":"Winkel","item":"http:\/\/genoneeleven.com\/es\/bestel-plantenvoeding-planten-kweken-met-de-beste-voeding\/"},{"@type":"ListItem","position":3,"name":"Rise Up"}]},{"@type":"WebSite","@id":"https:\/\/genoneeleven.com\/#website","url":"https:\/\/genoneeleven.com\/","name":"Gen1:11 Nutrients","description":"See that it is good","publisher":{"@id":"https:\/\/genoneeleven.com\/#organization"},"potentialAction":[{"@type":"SearchAction","target":{"@type":"EntryPoint","urlTemplate":"https:\/\/genoneeleven.com\/?s={search_term_string}"},"query-input":{"@type":"PropertyValueSpecification","valueRequired":true,"valueName":"search_term_string"}}],"inLanguage":"de"},{"@type":"Organization","@id":"https:\/\/genoneeleven.com\/#organization","name":"Gen1:11","url":"https:\/\/genoneeleven.com\/","logo":{"@type":"ImageObject","inLanguage":"de","@id":"https:\/\/genoneeleven.com\/#\/schema\/logo\/image\/","url":"https:\/\/genoneeleven.com\/wp-content\/uploads\/2021\/04\/Homepage-slider-Logo.png","contentUrl":"https:\/\/genoneeleven.com\/wp-content\/uploads\/2021\/04\/Homepage-slider-Logo.png","width":844,"height":296,"caption":"Gen1:11"},"image":{"@id":"https:\/\/genoneeleven.com\/#\/schema\/logo\/image\/"},"sameAs":["https:\/\/www.facebook.com\/Genoneeleven-109249901222510\/","https:\/\/x.com\/Genoneeleven_nl","https:\/\/www.instagram.com\/genoneeleven_nutrients\/","https:\/\/www.linkedin.com\/in\/marco-holsheimer-40a3a629\/","https:\/\/www.youtube.com\/channel\/UCjCuqj65Q8PkNby433RU_dQ"]}]}},"_links":{"self":[{"href":"https:\/\/genoneeleven.com\/de\/wp-json\/wp\/v2\/product\/310","targetHints":{"allow":["GET"]}}],"collection":[{"href":"https:\/\/genoneeleven.com\/de\/wp-json\/wp\/v2\/product"}],"about":[{"href":"https:\/\/genoneeleven.com\/de\/wp-json\/wp\/v2\/types\/product"}],"version-history":[{"count":11,"href":"https:\/\/genoneeleven.com\/de\/wp-json\/wp\/v2\/product\/310\/revisions"}],"predecessor-version":[{"id":3017,"href":"https:\/\/genoneeleven.com\/de\/wp-json\/wp\/v2\/product\/310\/revisions\/3017"}],"wp:featuredmedia":[{"embeddable":true,"href":"https:\/\/genoneeleven.com\/de\/wp-json\/wp\/v2\/media\/4820"}],"wp:attachment":[{"href":"https:\/\/genoneeleven.com\/de\/wp-json\/wp\/v2\/media?parent=310"}],"wp:term":[{"taxonomy":"product_brand","embeddable":true,"href":"https:\/\/genoneeleven.com\/de\/wp-json\/wp\/v2\/product_brand?post=310"},{"taxonomy":"product_cat","embeddable":true,"href":"https:\/\/genoneeleven.com\/de\/wp-json\/wp\/v2\/product_cat?post=310"},{"taxonomy":"product_tag","embeddable":true,"href":"https:\/\/genoneeleven.com\/de\/wp-json\/wp\/v2\/product_tag?post=310"}],"curies":[{"name":"wp","href":"https:\/\/api.w.org\/{rel}","templated":true}]}}